{"id":2040,"date":"2023-04-14T12:33:02","date_gmt":"2023-04-14T09:33:02","guid":{"rendered":"https:\/\/pre.cdev.ee\/finest-centre\/for-cities\/"},"modified":"2026-03-18T18:50:21","modified_gmt":"2026-03-18T16:50:21","slug":"linnadele","status":"publish","type":"page","link":"https:\/\/finestcentre.eu\/et\/linnadele\/","title":{"rendered":"Linnadele"},"content":{"rendered":"","protected":false},"excerpt":{"rendered":"","protected":false},"author":1,"featured_media":8007,"parent":0,"menu_order":0,"comment_status":"closed","ping_status":"closed","template":"templates\/tpl_researchers.php","meta":{"footnotes":""},"class_list":["post-2040","page","type-page","status-publish","has-post-thumbnail","hentry","entry"],"acf":[],"yoast_head":"<!-- This site is optimized with the Yoast SEO Premium plugin v27.2 (Yoast SEO v27.4) - https:\/\/yoast.com\/product\/yoast-seo-premium-wordpress\/ -->\n<title>Linnadele | Teadusp\u00f5hised lahendused targematele linnadele<\/title>\n<meta name=\"description\" content=\"Teeme koost\u00f6\u00f6d parema linnakeskkonna loomiseks! Teadusp\u00f5hised lahendused aitavad keerukate v\u00e4ljakutsete lahendamisel.\" \/>\n<meta name=\"robots\" content=\"index, follow, max-snippet:-1, max-image-preview:large, max-video-preview:-1\" \/>\n<link rel=\"canonical\" href=\"https:\/\/finestcentre.eu\/et\/linnadele\/\" \/>\n<meta property=\"og:locale\" content=\"et_EE\" \/>\n<meta property=\"og:type\" content=\"article\" \/>\n<meta property=\"og:title\" content=\"Linnadele\" \/>\n<meta property=\"og:description\" content=\"Teeme koost\u00f6\u00f6d parema linnakeskkonna loomiseks! Teadusp\u00f5hised lahendused aitavad keerukate v\u00e4ljakutsete lahendamisel.\" \/>\n<meta property=\"og:url\" content=\"https:\/\/finestcentre.eu\/et\/linnadele\/\" \/>\n<meta property=\"og:site_name\" content=\"FinEst Centre\" \/>\n<meta property=\"article:publisher\" content=\"https:\/\/www.facebook.com\/FinEstCentre\" \/>\n<meta property=\"article:modified_time\" content=\"2026-03-18T16:50:21+00:00\" \/>\n<meta property=\"og:image\" content=\"https:\/\/finestcentre.eu\/wp-content\/uploads\/2026\/03\/500A7183.jpg\" \/>\n\t<meta property=\"og:image:width\" content=\"750\" \/>\n\t<meta property=\"og:image:height\" content=\"394\" \/>\n\t<meta property=\"og:image:type\" content=\"image\/jpeg\" \/>\n<meta name=\"twitter:card\" content=\"summary_large_image\" \/>\n<meta name=\"twitter:site\" content=\"@FinEstSmartCity\" \/>\n<meta name=\"twitter:label1\" content=\"Est. reading time\" \/>\n\t<meta name=\"twitter:data1\" content=\"3 minutit\" \/>\n<script type=\"application\/ld+json\" class=\"yoast-schema-graph\">{\"@context\":\"https:\\\/\\\/schema.org\",\"@graph\":[{\"@type\":\"WebPage\",\"@id\":\"https:\\\/\\\/finestcentre.eu\\\/et\\\/linnadele\\\/\",\"url\":\"https:\\\/\\\/finestcentre.eu\\\/et\\\/linnadele\\\/\",\"name\":\"Linnadele | Teadusp\u00f5hised lahendused targematele linnadele\",\"isPartOf\":{\"@id\":\"https:\\\/\\\/finestcentre.eu\\\/et\\\/#website\"},\"primaryImageOfPage\":{\"@id\":\"https:\\\/\\\/finestcentre.eu\\\/et\\\/linnadele\\\/#primaryimage\"},\"image\":{\"@id\":\"https:\\\/\\\/finestcentre.eu\\\/et\\\/linnadele\\\/#primaryimage\"},\"thumbnailUrl\":\"https:\\\/\\\/finestcentre.eu\\\/wp-content\\\/uploads\\\/2026\\\/03\\\/500A7183.jpg\",\"datePublished\":\"2023-04-14T09:33:02+00:00\",\"dateModified\":\"2026-03-18T16:50:21+00:00\",\"description\":\"Teeme koost\u00f6\u00f6d parema linnakeskkonna loomiseks! Teadusp\u00f5hised lahendused aitavad keerukate v\u00e4ljakutsete lahendamisel.\",\"breadcrumb\":{\"@id\":\"https:\\\/\\\/finestcentre.eu\\\/et\\\/linnadele\\\/#breadcrumb\"},\"inLanguage\":\"et\",\"potentialAction\":[{\"@type\":\"ReadAction\",\"target\":[\"https:\\\/\\\/finestcentre.eu\\\/et\\\/linnadele\\\/\"]}]},{\"@type\":\"ImageObject\",\"inLanguage\":\"et\",\"@id\":\"https:\\\/\\\/finestcentre.eu\\\/et\\\/linnadele\\\/#primaryimage\",\"url\":\"https:\\\/\\\/finestcentre.eu\\\/wp-content\\\/uploads\\\/2026\\\/03\\\/500A7183.jpg\",\"contentUrl\":\"https:\\\/\\\/finestcentre.eu\\\/wp-content\\\/uploads\\\/2026\\\/03\\\/500A7183.jpg\",\"width\":6720,\"height\":3533},{\"@type\":\"BreadcrumbList\",\"@id\":\"https:\\\/\\\/finestcentre.eu\\\/et\\\/linnadele\\\/#breadcrumb\",\"itemListElement\":[{\"@type\":\"ListItem\",\"position\":1,\"name\":\"Home\",\"item\":\"https:\\\/\\\/finestcentre.eu\\\/et\\\/\"},{\"@type\":\"ListItem\",\"position\":2,\"name\":\"Linnadele\",\"item\":null}]},{\"@type\":\"WebSite\",\"@id\":\"https:\\\/\\\/finestcentre.eu\\\/et\\\/#website\",\"url\":\"https:\\\/\\\/finestcentre.eu\\\/et\\\/\",\"name\":\"FinEst Centre\",\"description\":\"\",\"publisher\":{\"@id\":\"https:\\\/\\\/finestcentre.eu\\\/et\\\/#organization\"},\"potentialAction\":[{\"@type\":\"SearchAction\",\"target\":{\"@type\":\"EntryPoint\",\"urlTemplate\":\"https:\\\/\\\/finestcentre.eu\\\/et\\\/?s={search_term_string}\"},\"query-input\":{\"@type\":\"PropertyValueSpecification\",\"valueRequired\":true,\"valueName\":\"search_term_string\"}}],\"inLanguage\":\"et\"},{\"@type\":\"Organization\",\"@id\":\"https:\\\/\\\/finestcentre.eu\\\/et\\\/#organization\",\"name\":\"Finest Center\",\"alternateName\":\"FinEst Centre for Smart Cities\",\"url\":\"https:\\\/\\\/finestcentre.eu\\\/et\\\/\",\"logo\":{\"@type\":\"ImageObject\",\"inLanguage\":\"et\",\"@id\":\"https:\\\/\\\/finestcentre.eu\\\/et\\\/#\\\/schema\\\/logo\\\/image\\\/\",\"url\":\"https:\\\/\\\/finestcentre.eu\\\/wp-content\\\/uploads\\\/2023\\\/04\\\/logo.svg\",\"contentUrl\":\"https:\\\/\\\/finestcentre.eu\\\/wp-content\\\/uploads\\\/2023\\\/04\\\/logo.svg\",\"caption\":\"Finest Center\"},\"image\":{\"@id\":\"https:\\\/\\\/finestcentre.eu\\\/et\\\/#\\\/schema\\\/logo\\\/image\\\/\"},\"sameAs\":[\"https:\\\/\\\/www.facebook.com\\\/FinEstCentre\",\"https:\\\/\\\/x.com\\\/FinEstSmartCity\",\"https:\\\/\\\/www.linkedin.com\\\/company\\\/finest-centre-for-smart-cities\\\/\",\"https:\\\/\\\/www.youtube.com\\\/channel\\\/UCIo8AWMG9HwYSepvCFkA6DA\"],\"address\":[{\"@type\":\"PostalAddress\",\"streetAddress\":\"Ehitajate tee 5\",\"addressLocality\":\"Tallinn\",\"postalCode\":\"19086\",\"addressCountry\":\"EE\"}],\"description\":\"FinEst Centre for Smart Cities is an independent organisation under Tallinn University of Technology. FinEst Centre is an international organisation founded by Tallinn University of Technology, Aalto University, Forum Virium Helsinki and the Estonian Ministry of Economic\",\"foundingDate\":\"2019-01-01\",\"numberOfEmployees\":{\"@type\":\"QuantitativeValue\",\"minValue\":\"11\",\"maxValue\":\"50\"}}]}<\/script>\n<!-- \/ Yoast SEO Premium plugin. -->","yoast_head_json":{"title":"Linnadele | Teadusp\u00f5hised lahendused targematele linnadele","description":"Teeme koost\u00f6\u00f6d parema linnakeskkonna loomiseks! Teadusp\u00f5hised lahendused aitavad keerukate v\u00e4ljakutsete lahendamisel.","robots":{"index":"index","follow":"follow","max-snippet":"max-snippet:-1","max-image-preview":"max-image-preview:large","max-video-preview":"max-video-preview:-1"},"canonical":"https:\/\/finestcentre.eu\/et\/linnadele\/","og_locale":"et_EE","og_type":"article","og_title":"Linnadele","og_description":"Teeme koost\u00f6\u00f6d parema linnakeskkonna loomiseks! Teadusp\u00f5hised lahendused aitavad keerukate v\u00e4ljakutsete lahendamisel.","og_url":"https:\/\/finestcentre.eu\/et\/linnadele\/","og_site_name":"FinEst Centre","article_publisher":"https:\/\/www.facebook.com\/FinEstCentre","article_modified_time":"2026-03-18T16:50:21+00:00","og_image":[{"url":"https:\/\/finestcentre.eu\/wp-content\/uploads\/2026\/03\/500A7183.jpg","width":750,"height":394,"type":"image\/jpeg"}],"twitter_card":"summary_large_image","twitter_site":"@FinEstSmartCity","twitter_misc":{"Est. reading time":"3 minutit"},"schema":{"@context":"https:\/\/schema.org","@graph":[{"@type":"WebPage","@id":"https:\/\/finestcentre.eu\/et\/linnadele\/","url":"https:\/\/finestcentre.eu\/et\/linnadele\/","name":"Linnadele | Teadusp\u00f5hised lahendused targematele linnadele","isPartOf":{"@id":"https:\/\/finestcentre.eu\/et\/#website"},"primaryImageOfPage":{"@id":"https:\/\/finestcentre.eu\/et\/linnadele\/#primaryimage"},"image":{"@id":"https:\/\/finestcentre.eu\/et\/linnadele\/#primaryimage"},"thumbnailUrl":"https:\/\/finestcentre.eu\/wp-content\/uploads\/2026\/03\/500A7183.jpg","datePublished":"2023-04-14T09:33:02+00:00","dateModified":"2026-03-18T16:50:21+00:00","description":"Teeme koost\u00f6\u00f6d parema linnakeskkonna loomiseks! Teadusp\u00f5hised lahendused aitavad keerukate v\u00e4ljakutsete lahendamisel.","breadcrumb":{"@id":"https:\/\/finestcentre.eu\/et\/linnadele\/#breadcrumb"},"inLanguage":"et","potentialAction":[{"@type":"ReadAction","target":["https:\/\/finestcentre.eu\/et\/linnadele\/"]}]},{"@type":"ImageObject","inLanguage":"et","@id":"https:\/\/finestcentre.eu\/et\/linnadele\/#primaryimage","url":"https:\/\/finestcentre.eu\/wp-content\/uploads\/2026\/03\/500A7183.jpg","contentUrl":"https:\/\/finestcentre.eu\/wp-content\/uploads\/2026\/03\/500A7183.jpg","width":6720,"height":3533},{"@type":"BreadcrumbList","@id":"https:\/\/finestcentre.eu\/et\/linnadele\/#breadcrumb","itemListElement":[{"@type":"ListItem","position":1,"name":"Home","item":"https:\/\/finestcentre.eu\/et\/"},{"@type":"ListItem","position":2,"name":"Linnadele","item":null}]},{"@type":"WebSite","@id":"https:\/\/finestcentre.eu\/et\/#website","url":"https:\/\/finestcentre.eu\/et\/","name":"FinEst Centre","description":"","publisher":{"@id":"https:\/\/finestcentre.eu\/et\/#organization"},"potentialAction":[{"@type":"SearchAction","target":{"@type":"EntryPoint","urlTemplate":"https:\/\/finestcentre.eu\/et\/?s={search_term_string}"},"query-input":{"@type":"PropertyValueSpecification","valueRequired":true,"valueName":"search_term_string"}}],"inLanguage":"et"},{"@type":"Organization","@id":"https:\/\/finestcentre.eu\/et\/#organization","name":"Finest Center","alternateName":"FinEst Centre for Smart Cities","url":"https:\/\/finestcentre.eu\/et\/","logo":{"@type":"ImageObject","inLanguage":"et","@id":"https:\/\/finestcentre.eu\/et\/#\/schema\/logo\/image\/","url":"https:\/\/finestcentre.eu\/wp-content\/uploads\/2023\/04\/logo.svg","contentUrl":"https:\/\/finestcentre.eu\/wp-content\/uploads\/2023\/04\/logo.svg","caption":"Finest Center"},"image":{"@id":"https:\/\/finestcentre.eu\/et\/#\/schema\/logo\/image\/"},"sameAs":["https:\/\/www.facebook.com\/FinEstCentre","https:\/\/x.com\/FinEstSmartCity","https:\/\/www.linkedin.com\/company\/finest-centre-for-smart-cities\/","https:\/\/www.youtube.com\/channel\/UCIo8AWMG9HwYSepvCFkA6DA"],"address":[{"@type":"PostalAddress","streetAddress":"Ehitajate tee 5","addressLocality":"Tallinn","postalCode":"19086","addressCountry":"EE"}],"description":"FinEst Centre for Smart Cities is an independent organisation under Tallinn University of Technology. FinEst Centre is an international organisation founded by Tallinn University of Technology, Aalto University, Forum Virium Helsinki and the Estonian Ministry of Economic","foundingDate":"2019-01-01","numberOfEmployees":{"@type":"QuantitativeValue","minValue":"11","maxValue":"50"}}]}},"_links":{"self":[{"href":"https:\/\/finestcentre.eu\/et\/wp-json\/wp\/v2\/pages\/2040","targetHints":{"allow":["GET"]}}],"collection":[{"href":"https:\/\/finestcentre.eu\/et\/wp-json\/wp\/v2\/pages"}],"about":[{"href":"https:\/\/finestcentre.eu\/et\/wp-json\/wp\/v2\/types\/page"}],"author":[{"embeddable":true,"href":"https:\/\/finestcentre.eu\/et\/wp-json\/wp\/v2\/users\/1"}],"replies":[{"embeddable":true,"href":"https:\/\/finestcentre.eu\/et\/wp-json\/wp\/v2\/comments?post=2040"}],"version-history":[{"count":35,"href":"https:\/\/finestcentre.eu\/et\/wp-json\/wp\/v2\/pages\/2040\/revisions"}],"predecessor-version":[{"id":8012,"href":"https:\/\/finestcentre.eu\/et\/wp-json\/wp\/v2\/pages\/2040\/revisions\/8012"}],"wp:featuredmedia":[{"embeddable":true,"href":"https:\/\/finestcentre.eu\/et\/wp-json\/wp\/v2\/media\/8007"}],"wp:attachment":[{"href":"https:\/\/finestcentre.eu\/et\/wp-json\/wp\/v2\/media?parent=2040"}],"curies":[{"name":"wp","href":"https:\/\/api.w.org\/{rel}","templated":true}]}}