{"id":2058,"date":"2023-06-07T14:24:15","date_gmt":"2023-06-07T11:24:15","guid":{"rendered":"https:\/\/pre.cdev.ee\/finest-centre\/advisory-and-tools\/"},"modified":"2026-02-06T13:12:31","modified_gmt":"2026-02-06T11:12:31","slug":"konsultatsioonid-ja-teenused","status":"publish","type":"page","link":"https:\/\/finestcentre.eu\/et\/targad-teenused-linnadele\/konsultatsioonid-ja-teenused\/","title":{"rendered":"Konsultatsioonid ja teenused"},"content":{"rendered":"","protected":false},"excerpt":{"rendered":"","protected":false},"author":1,"featured_media":5963,"parent":2110,"menu_order":0,"comment_status":"closed","ping_status":"closed","template":"templates\/tpl_consultancy-list.php","meta":{"footnotes":""},"class_list":["post-2058","page","type-page","status-publish","has-post-thumbnail","hentry","entry"],"acf":[],"yoast_head":"<!-- This site is optimized with the Yoast SEO Premium plugin v27.2 (Yoast SEO v27.4) - https:\/\/yoast.com\/product\/yoast-seo-premium-wordpress\/ -->\n<title>Targa linna teenused: Lahendused linnaelu v\u00e4ljakutsetele - FinEst Centre<\/title>\n<meta name=\"description\" content=\"Targa linna n\u00f5ustamisteenused ja t\u00f6\u00f6riistad, et toetada linnu nende teekonnal j\u00e4tkusuutlikumaks ja t\u00f5husamaks keskkonnaks muutumisel.\" \/>\n<meta name=\"robots\" content=\"index, follow, max-snippet:-1, max-image-preview:large, max-video-preview:-1\" \/>\n<link rel=\"canonical\" href=\"https:\/\/finestcentre.eu\/et\/targad-teenused-linnadele\/konsultatsioonid-ja-teenused\/\" \/>\n<meta property=\"og:locale\" content=\"et_EE\" \/>\n<meta property=\"og:type\" content=\"article\" \/>\n<meta property=\"og:title\" content=\"Konsultatsioonid ja teenused\" \/>\n<meta property=\"og:description\" content=\"Targa linna n\u00f5ustamisteenused ja t\u00f6\u00f6riistad, et toetada linnu nende teekonnal j\u00e4tkusuutlikumaks ja t\u00f5husamaks keskkonnaks muutumisel.\" \/>\n<meta property=\"og:url\" content=\"https:\/\/finestcentre.eu\/et\/targad-teenused-linnadele\/konsultatsioonid-ja-teenused\/\" \/>\n<meta property=\"og:site_name\" content=\"FinEst Centre\" \/>\n<meta property=\"article:publisher\" content=\"https:\/\/www.facebook.com\/FinEstCentre\" \/>\n<meta property=\"article:modified_time\" content=\"2026-02-06T11:12:31+00:00\" \/>\n<meta property=\"og:image\" content=\"https:\/\/finestcentre.eu\/wp-content\/uploads\/2024\/10\/16.05-Innovators-meetup-10-e1729584933641.jpg\" \/>\n\t<meta property=\"og:image:width\" content=\"2048\" \/>\n\t<meta property=\"og:image:height\" content=\"1365\" \/>\n\t<meta property=\"og:image:type\" content=\"image\/jpeg\" \/>\n<meta name=\"twitter:card\" content=\"summary_large_image\" \/>\n<meta name=\"twitter:site\" content=\"@FinEstSmartCity\" \/>\n<meta name=\"twitter:label1\" content=\"Est. reading time\" \/>\n\t<meta name=\"twitter:data1\" content=\"1 minut\" \/>\n<script type=\"application\/ld+json\" class=\"yoast-schema-graph\">{\"@context\":\"https:\\\/\\\/schema.org\",\"@graph\":[{\"@type\":\"WebPage\",\"@id\":\"https:\\\/\\\/finestcentre.eu\\\/et\\\/targad-teenused-linnadele\\\/konsultatsioonid-ja-teenused\\\/\",\"url\":\"https:\\\/\\\/finestcentre.eu\\\/et\\\/targad-teenused-linnadele\\\/konsultatsioonid-ja-teenused\\\/\",\"name\":\"Targa linna teenused: Lahendused linnaelu v\u00e4ljakutsetele - FinEst Centre\",\"isPartOf\":{\"@id\":\"https:\\\/\\\/finestcentre.eu\\\/et\\\/#website\"},\"primaryImageOfPage\":{\"@id\":\"https:\\\/\\\/finestcentre.eu\\\/et\\\/targad-teenused-linnadele\\\/konsultatsioonid-ja-teenused\\\/#primaryimage\"},\"image\":{\"@id\":\"https:\\\/\\\/finestcentre.eu\\\/et\\\/targad-teenused-linnadele\\\/konsultatsioonid-ja-teenused\\\/#primaryimage\"},\"thumbnailUrl\":\"https:\\\/\\\/finestcentre.eu\\\/wp-content\\\/uploads\\\/2024\\\/10\\\/16.05-Innovators-meetup-10-e1729584933641.jpg\",\"datePublished\":\"2023-06-07T11:24:15+00:00\",\"dateModified\":\"2026-02-06T11:12:31+00:00\",\"description\":\"Targa linna n\u00f5ustamisteenused ja t\u00f6\u00f6riistad, et toetada linnu nende teekonnal j\u00e4tkusuutlikumaks ja t\u00f5husamaks keskkonnaks muutumisel.\",\"breadcrumb\":{\"@id\":\"https:\\\/\\\/finestcentre.eu\\\/et\\\/targad-teenused-linnadele\\\/konsultatsioonid-ja-teenused\\\/#breadcrumb\"},\"inLanguage\":\"et\",\"potentialAction\":[{\"@type\":\"ReadAction\",\"target\":[\"https:\\\/\\\/finestcentre.eu\\\/et\\\/targad-teenused-linnadele\\\/konsultatsioonid-ja-teenused\\\/\"]}]},{\"@type\":\"ImageObject\",\"inLanguage\":\"et\",\"@id\":\"https:\\\/\\\/finestcentre.eu\\\/et\\\/targad-teenused-linnadele\\\/konsultatsioonid-ja-teenused\\\/#primaryimage\",\"url\":\"https:\\\/\\\/finestcentre.eu\\\/wp-content\\\/uploads\\\/2024\\\/10\\\/16.05-Innovators-meetup-10-e1729584933641.jpg\",\"contentUrl\":\"https:\\\/\\\/finestcentre.eu\\\/wp-content\\\/uploads\\\/2024\\\/10\\\/16.05-Innovators-meetup-10-e1729584933641.jpg\",\"width\":2048,\"height\":1365,\"caption\":\"FinEst Centre focuses on smart city advisory and services\"},{\"@type\":\"BreadcrumbList\",\"@id\":\"https:\\\/\\\/finestcentre.eu\\\/et\\\/targad-teenused-linnadele\\\/konsultatsioonid-ja-teenused\\\/#breadcrumb\",\"itemListElement\":[{\"@type\":\"ListItem\",\"position\":1,\"name\":\"Home\",\"item\":\"https:\\\/\\\/finestcentre.eu\\\/et\\\/\"},{\"@type\":\"ListItem\",\"position\":2,\"name\":\"Konsultatsioonid ja teenused\",\"item\":null}]},{\"@type\":\"WebSite\",\"@id\":\"https:\\\/\\\/finestcentre.eu\\\/et\\\/#website\",\"url\":\"https:\\\/\\\/finestcentre.eu\\\/et\\\/\",\"name\":\"FinEst Centre\",\"description\":\"\",\"publisher\":{\"@id\":\"https:\\\/\\\/finestcentre.eu\\\/et\\\/#organization\"},\"potentialAction\":[{\"@type\":\"SearchAction\",\"target\":{\"@type\":\"EntryPoint\",\"urlTemplate\":\"https:\\\/\\\/finestcentre.eu\\\/et\\\/?s={search_term_string}\"},\"query-input\":{\"@type\":\"PropertyValueSpecification\",\"valueRequired\":true,\"valueName\":\"search_term_string\"}}],\"inLanguage\":\"et\"},{\"@type\":\"Organization\",\"@id\":\"https:\\\/\\\/finestcentre.eu\\\/et\\\/#organization\",\"name\":\"Finest Center\",\"alternateName\":\"FinEst Centre for Smart Cities\",\"url\":\"https:\\\/\\\/finestcentre.eu\\\/et\\\/\",\"logo\":{\"@type\":\"ImageObject\",\"inLanguage\":\"et\",\"@id\":\"https:\\\/\\\/finestcentre.eu\\\/et\\\/#\\\/schema\\\/logo\\\/image\\\/\",\"url\":\"https:\\\/\\\/finestcentre.eu\\\/wp-content\\\/uploads\\\/2023\\\/04\\\/logo.svg\",\"contentUrl\":\"https:\\\/\\\/finestcentre.eu\\\/wp-content\\\/uploads\\\/2023\\\/04\\\/logo.svg\",\"caption\":\"Finest Center\"},\"image\":{\"@id\":\"https:\\\/\\\/finestcentre.eu\\\/et\\\/#\\\/schema\\\/logo\\\/image\\\/\"},\"sameAs\":[\"https:\\\/\\\/www.facebook.com\\\/FinEstCentre\",\"https:\\\/\\\/x.com\\\/FinEstSmartCity\",\"https:\\\/\\\/www.linkedin.com\\\/company\\\/finest-centre-for-smart-cities\\\/\",\"https:\\\/\\\/www.youtube.com\\\/channel\\\/UCIo8AWMG9HwYSepvCFkA6DA\"],\"address\":[{\"@type\":\"PostalAddress\",\"streetAddress\":\"Ehitajate tee 5\",\"addressLocality\":\"Tallinn\",\"postalCode\":\"19086\",\"addressCountry\":\"EE\"}],\"description\":\"FinEst Centre for Smart Cities is an independent organisation under Tallinn University of Technology. FinEst Centre is an international organisation founded by Tallinn University of Technology, Aalto University, Forum Virium Helsinki and the Estonian Ministry of Economic\",\"foundingDate\":\"2019-01-01\",\"numberOfEmployees\":{\"@type\":\"QuantitativeValue\",\"minValue\":\"11\",\"maxValue\":\"50\"}}]}<\/script>\n<!-- \/ Yoast SEO Premium plugin. -->","yoast_head_json":{"title":"Targa linna teenused: Lahendused linnaelu v\u00e4ljakutsetele - FinEst Centre","description":"Targa linna n\u00f5ustamisteenused ja t\u00f6\u00f6riistad, et toetada linnu nende teekonnal j\u00e4tkusuutlikumaks ja t\u00f5husamaks keskkonnaks muutumisel.","robots":{"index":"index","follow":"follow","max-snippet":"max-snippet:-1","max-image-preview":"max-image-preview:large","max-video-preview":"max-video-preview:-1"},"canonical":"https:\/\/finestcentre.eu\/et\/targad-teenused-linnadele\/konsultatsioonid-ja-teenused\/","og_locale":"et_EE","og_type":"article","og_title":"Konsultatsioonid ja teenused","og_description":"Targa linna n\u00f5ustamisteenused ja t\u00f6\u00f6riistad, et toetada linnu nende teekonnal j\u00e4tkusuutlikumaks ja t\u00f5husamaks keskkonnaks muutumisel.","og_url":"https:\/\/finestcentre.eu\/et\/targad-teenused-linnadele\/konsultatsioonid-ja-teenused\/","og_site_name":"FinEst Centre","article_publisher":"https:\/\/www.facebook.com\/FinEstCentre","article_modified_time":"2026-02-06T11:12:31+00:00","og_image":[{"width":2048,"height":1365,"url":"https:\/\/finestcentre.eu\/wp-content\/uploads\/2024\/10\/16.05-Innovators-meetup-10-e1729584933641.jpg","type":"image\/jpeg"}],"twitter_card":"summary_large_image","twitter_site":"@FinEstSmartCity","twitter_misc":{"Est. reading time":"1 minut"},"schema":{"@context":"https:\/\/schema.org","@graph":[{"@type":"WebPage","@id":"https:\/\/finestcentre.eu\/et\/targad-teenused-linnadele\/konsultatsioonid-ja-teenused\/","url":"https:\/\/finestcentre.eu\/et\/targad-teenused-linnadele\/konsultatsioonid-ja-teenused\/","name":"Targa linna teenused: Lahendused linnaelu v\u00e4ljakutsetele - FinEst Centre","isPartOf":{"@id":"https:\/\/finestcentre.eu\/et\/#website"},"primaryImageOfPage":{"@id":"https:\/\/finestcentre.eu\/et\/targad-teenused-linnadele\/konsultatsioonid-ja-teenused\/#primaryimage"},"image":{"@id":"https:\/\/finestcentre.eu\/et\/targad-teenused-linnadele\/konsultatsioonid-ja-teenused\/#primaryimage"},"thumbnailUrl":"https:\/\/finestcentre.eu\/wp-content\/uploads\/2024\/10\/16.05-Innovators-meetup-10-e1729584933641.jpg","datePublished":"2023-06-07T11:24:15+00:00","dateModified":"2026-02-06T11:12:31+00:00","description":"Targa linna n\u00f5ustamisteenused ja t\u00f6\u00f6riistad, et toetada linnu nende teekonnal j\u00e4tkusuutlikumaks ja t\u00f5husamaks keskkonnaks muutumisel.","breadcrumb":{"@id":"https:\/\/finestcentre.eu\/et\/targad-teenused-linnadele\/konsultatsioonid-ja-teenused\/#breadcrumb"},"inLanguage":"et","potentialAction":[{"@type":"ReadAction","target":["https:\/\/finestcentre.eu\/et\/targad-teenused-linnadele\/konsultatsioonid-ja-teenused\/"]}]},{"@type":"ImageObject","inLanguage":"et","@id":"https:\/\/finestcentre.eu\/et\/targad-teenused-linnadele\/konsultatsioonid-ja-teenused\/#primaryimage","url":"https:\/\/finestcentre.eu\/wp-content\/uploads\/2024\/10\/16.05-Innovators-meetup-10-e1729584933641.jpg","contentUrl":"https:\/\/finestcentre.eu\/wp-content\/uploads\/2024\/10\/16.05-Innovators-meetup-10-e1729584933641.jpg","width":2048,"height":1365,"caption":"FinEst Centre focuses on smart city advisory and services"},{"@type":"BreadcrumbList","@id":"https:\/\/finestcentre.eu\/et\/targad-teenused-linnadele\/konsultatsioonid-ja-teenused\/#breadcrumb","itemListElement":[{"@type":"ListItem","position":1,"name":"Home","item":"https:\/\/finestcentre.eu\/et\/"},{"@type":"ListItem","position":2,"name":"Konsultatsioonid ja teenused","item":null}]},{"@type":"WebSite","@id":"https:\/\/finestcentre.eu\/et\/#website","url":"https:\/\/finestcentre.eu\/et\/","name":"FinEst Centre","description":"","publisher":{"@id":"https:\/\/finestcentre.eu\/et\/#organization"},"potentialAction":[{"@type":"SearchAction","target":{"@type":"EntryPoint","urlTemplate":"https:\/\/finestcentre.eu\/et\/?s={search_term_string}"},"query-input":{"@type":"PropertyValueSpecification","valueRequired":true,"valueName":"search_term_string"}}],"inLanguage":"et"},{"@type":"Organization","@id":"https:\/\/finestcentre.eu\/et\/#organization","name":"Finest Center","alternateName":"FinEst Centre for Smart Cities","url":"https:\/\/finestcentre.eu\/et\/","logo":{"@type":"ImageObject","inLanguage":"et","@id":"https:\/\/finestcentre.eu\/et\/#\/schema\/logo\/image\/","url":"https:\/\/finestcentre.eu\/wp-content\/uploads\/2023\/04\/logo.svg","contentUrl":"https:\/\/finestcentre.eu\/wp-content\/uploads\/2023\/04\/logo.svg","caption":"Finest Center"},"image":{"@id":"https:\/\/finestcentre.eu\/et\/#\/schema\/logo\/image\/"},"sameAs":["https:\/\/www.facebook.com\/FinEstCentre","https:\/\/x.com\/FinEstSmartCity","https:\/\/www.linkedin.com\/company\/finest-centre-for-smart-cities\/","https:\/\/www.youtube.com\/channel\/UCIo8AWMG9HwYSepvCFkA6DA"],"address":[{"@type":"PostalAddress","streetAddress":"Ehitajate tee 5","addressLocality":"Tallinn","postalCode":"19086","addressCountry":"EE"}],"description":"FinEst Centre for Smart Cities is an independent organisation under Tallinn University of Technology. FinEst Centre is an international organisation founded by Tallinn University of Technology, Aalto University, Forum Virium Helsinki and the Estonian Ministry of Economic","foundingDate":"2019-01-01","numberOfEmployees":{"@type":"QuantitativeValue","minValue":"11","maxValue":"50"}}]}},"_links":{"self":[{"href":"https:\/\/finestcentre.eu\/et\/wp-json\/wp\/v2\/pages\/2058","targetHints":{"allow":["GET"]}}],"collection":[{"href":"https:\/\/finestcentre.eu\/et\/wp-json\/wp\/v2\/pages"}],"about":[{"href":"https:\/\/finestcentre.eu\/et\/wp-json\/wp\/v2\/types\/page"}],"author":[{"embeddable":true,"href":"https:\/\/finestcentre.eu\/et\/wp-json\/wp\/v2\/users\/1"}],"replies":[{"embeddable":true,"href":"https:\/\/finestcentre.eu\/et\/wp-json\/wp\/v2\/comments?post=2058"}],"version-history":[{"count":33,"href":"https:\/\/finestcentre.eu\/et\/wp-json\/wp\/v2\/pages\/2058\/revisions"}],"predecessor-version":[{"id":7921,"href":"https:\/\/finestcentre.eu\/et\/wp-json\/wp\/v2\/pages\/2058\/revisions\/7921"}],"up":[{"embeddable":true,"href":"https:\/\/finestcentre.eu\/et\/wp-json\/wp\/v2\/pages\/2110"}],"wp:featuredmedia":[{"embeddable":true,"href":"https:\/\/finestcentre.eu\/et\/wp-json\/wp\/v2\/media\/5963"}],"wp:attachment":[{"href":"https:\/\/finestcentre.eu\/et\/wp-json\/wp\/v2\/media?parent=2058"}],"curies":[{"name":"wp","href":"https:\/\/api.w.org\/{rel}","templated":true}]}}