{"id":2059,"date":"2023-05-30T23:56:13","date_gmt":"2023-05-30T20:56:13","guid":{"rendered":"https:\/\/pre.cdev.ee\/finest-centre\/events\/"},"modified":"2026-04-13T14:13:16","modified_gmt":"2026-04-13T11:13:16","slug":"sundmused","status":"publish","type":"page","link":"https:\/\/finestcentre.eu\/et\/meedia-ja-sundmused\/sundmused\/","title":{"rendered":"S\u00fcndmused"},"content":{"rendered":"","protected":false},"excerpt":{"rendered":"","protected":false},"author":1,"featured_media":6941,"parent":2104,"menu_order":0,"comment_status":"closed","ping_status":"closed","template":"templates\/tpl_events.php","meta":{"footnotes":""},"class_list":["post-2059","page","type-page","status-publish","has-post-thumbnail","hentry","entry"],"acf":[],"yoast_head":"<!-- This site is optimized with the Yoast SEO Premium plugin v27.2 (Yoast SEO v27.4) - https:\/\/yoast.com\/product\/yoast-seo-premium-wordpress\/ -->\n<title>Targa linna \u00fcritused: Koost\u00f6\u00f6 ja teadmiste vahetamine - FinEst Centre<\/title>\n<meta name=\"description\" content=\"Tutvu meie s\u00fcndmustega, mis toovad kokku teadlased, linnaplaneerijad ja otsustajad nutikamate linnade kujundamiseks.\" \/>\n<meta name=\"robots\" content=\"index, follow, max-snippet:-1, max-image-preview:large, max-video-preview:-1\" \/>\n<link rel=\"canonical\" href=\"https:\/\/finestcentre.eu\/et\/meedia-ja-sundmused\/sundmused\/\" \/>\n<meta property=\"og:locale\" content=\"et_EE\" \/>\n<meta property=\"og:type\" content=\"article\" \/>\n<meta property=\"og:title\" content=\"S\u00fcndmused\" \/>\n<meta property=\"og:description\" content=\"Tutvu meie s\u00fcndmustega, mis toovad kokku teadlased, linnaplaneerijad ja otsustajad nutikamate linnade kujundamiseks.\" \/>\n<meta property=\"og:url\" content=\"https:\/\/finestcentre.eu\/et\/meedia-ja-sundmused\/sundmused\/\" \/>\n<meta property=\"og:site_name\" content=\"FinEst Centre\" \/>\n<meta property=\"article:publisher\" content=\"https:\/\/www.facebook.com\/FinEstCentre\" \/>\n<meta property=\"article:modified_time\" content=\"2026-04-13T11:13:16+00:00\" \/>\n<meta property=\"og:image\" content=\"https:\/\/finestcentre.eu\/wp-content\/uploads\/2025\/06\/FinEst_20250313_116-1024x683.jpg\" \/>\n\t<meta property=\"og:image:width\" content=\"1024\" \/>\n\t<meta property=\"og:image:height\" content=\"683\" \/>\n\t<meta property=\"og:image:type\" content=\"image\/jpeg\" \/>\n<meta name=\"twitter:card\" content=\"summary_large_image\" \/>\n<meta name=\"twitter:site\" content=\"@FinEstSmartCity\" \/>\n<meta name=\"twitter:label1\" content=\"Est. reading time\" \/>\n\t<meta name=\"twitter:data1\" content=\"1 minut\" \/>\n<script type=\"application\/ld+json\" class=\"yoast-schema-graph\">{\"@context\":\"https:\\\/\\\/schema.org\",\"@graph\":[{\"@type\":\"WebPage\",\"@id\":\"https:\\\/\\\/finestcentre.eu\\\/et\\\/meedia-ja-sundmused\\\/sundmused\\\/\",\"url\":\"https:\\\/\\\/finestcentre.eu\\\/et\\\/meedia-ja-sundmused\\\/sundmused\\\/\",\"name\":\"Targa linna \u00fcritused: Koost\u00f6\u00f6 ja teadmiste vahetamine - FinEst Centre\",\"isPartOf\":{\"@id\":\"https:\\\/\\\/finestcentre.eu\\\/et\\\/#website\"},\"primaryImageOfPage\":{\"@id\":\"https:\\\/\\\/finestcentre.eu\\\/et\\\/meedia-ja-sundmused\\\/sundmused\\\/#primaryimage\"},\"image\":{\"@id\":\"https:\\\/\\\/finestcentre.eu\\\/et\\\/meedia-ja-sundmused\\\/sundmused\\\/#primaryimage\"},\"thumbnailUrl\":\"https:\\\/\\\/finestcentre.eu\\\/wp-content\\\/uploads\\\/2025\\\/06\\\/FinEst_20250313_116.jpg\",\"datePublished\":\"2023-05-30T20:56:13+00:00\",\"dateModified\":\"2026-04-13T11:13:16+00:00\",\"description\":\"Tutvu meie s\u00fcndmustega, mis toovad kokku teadlased, linnaplaneerijad ja otsustajad nutikamate linnade kujundamiseks.\",\"breadcrumb\":{\"@id\":\"https:\\\/\\\/finestcentre.eu\\\/et\\\/meedia-ja-sundmused\\\/sundmused\\\/#breadcrumb\"},\"inLanguage\":\"et\",\"potentialAction\":[{\"@type\":\"ReadAction\",\"target\":[\"https:\\\/\\\/finestcentre.eu\\\/et\\\/meedia-ja-sundmused\\\/sundmused\\\/\"]}]},{\"@type\":\"ImageObject\",\"inLanguage\":\"et\",\"@id\":\"https:\\\/\\\/finestcentre.eu\\\/et\\\/meedia-ja-sundmused\\\/sundmused\\\/#primaryimage\",\"url\":\"https:\\\/\\\/finestcentre.eu\\\/wp-content\\\/uploads\\\/2025\\\/06\\\/FinEst_20250313_116.jpg\",\"contentUrl\":\"https:\\\/\\\/finestcentre.eu\\\/wp-content\\\/uploads\\\/2025\\\/06\\\/FinEst_20250313_116.jpg\",\"width\":7846,\"height\":5233},{\"@type\":\"BreadcrumbList\",\"@id\":\"https:\\\/\\\/finestcentre.eu\\\/et\\\/meedia-ja-sundmused\\\/sundmused\\\/#breadcrumb\",\"itemListElement\":[{\"@type\":\"ListItem\",\"position\":1,\"name\":\"Home\",\"item\":\"https:\\\/\\\/finestcentre.eu\\\/et\\\/\"},{\"@type\":\"ListItem\",\"position\":2,\"name\":\"S\u00fcndmused\",\"item\":null}]},{\"@type\":\"WebSite\",\"@id\":\"https:\\\/\\\/finestcentre.eu\\\/et\\\/#website\",\"url\":\"https:\\\/\\\/finestcentre.eu\\\/et\\\/\",\"name\":\"FinEst Centre\",\"description\":\"\",\"publisher\":{\"@id\":\"https:\\\/\\\/finestcentre.eu\\\/et\\\/#organization\"},\"potentialAction\":[{\"@type\":\"SearchAction\",\"target\":{\"@type\":\"EntryPoint\",\"urlTemplate\":\"https:\\\/\\\/finestcentre.eu\\\/et\\\/?s={search_term_string}\"},\"query-input\":{\"@type\":\"PropertyValueSpecification\",\"valueRequired\":true,\"valueName\":\"search_term_string\"}}],\"inLanguage\":\"et\"},{\"@type\":\"Organization\",\"@id\":\"https:\\\/\\\/finestcentre.eu\\\/et\\\/#organization\",\"name\":\"Finest Center\",\"alternateName\":\"FinEst Centre for Smart Cities\",\"url\":\"https:\\\/\\\/finestcentre.eu\\\/et\\\/\",\"logo\":{\"@type\":\"ImageObject\",\"inLanguage\":\"et\",\"@id\":\"https:\\\/\\\/finestcentre.eu\\\/et\\\/#\\\/schema\\\/logo\\\/image\\\/\",\"url\":\"https:\\\/\\\/finestcentre.eu\\\/wp-content\\\/uploads\\\/2023\\\/04\\\/logo.svg\",\"contentUrl\":\"https:\\\/\\\/finestcentre.eu\\\/wp-content\\\/uploads\\\/2023\\\/04\\\/logo.svg\",\"caption\":\"Finest Center\"},\"image\":{\"@id\":\"https:\\\/\\\/finestcentre.eu\\\/et\\\/#\\\/schema\\\/logo\\\/image\\\/\"},\"sameAs\":[\"https:\\\/\\\/www.facebook.com\\\/FinEstCentre\",\"https:\\\/\\\/x.com\\\/FinEstSmartCity\",\"https:\\\/\\\/www.linkedin.com\\\/company\\\/finest-centre-for-smart-cities\\\/\",\"https:\\\/\\\/www.youtube.com\\\/channel\\\/UCIo8AWMG9HwYSepvCFkA6DA\"],\"address\":[{\"@type\":\"PostalAddress\",\"streetAddress\":\"Ehitajate tee 5\",\"addressLocality\":\"Tallinn\",\"postalCode\":\"19086\",\"addressCountry\":\"EE\"}],\"description\":\"FinEst Centre for Smart Cities is an independent organisation under Tallinn University of Technology. FinEst Centre is an international organisation founded by Tallinn University of Technology, Aalto University, Forum Virium Helsinki and the Estonian Ministry of Economic\",\"foundingDate\":\"2019-01-01\",\"numberOfEmployees\":{\"@type\":\"QuantitativeValue\",\"minValue\":\"11\",\"maxValue\":\"50\"}}]}<\/script>\n<!-- \/ Yoast SEO Premium plugin. -->","yoast_head_json":{"title":"Targa linna \u00fcritused: Koost\u00f6\u00f6 ja teadmiste vahetamine - FinEst Centre","description":"Tutvu meie s\u00fcndmustega, mis toovad kokku teadlased, linnaplaneerijad ja otsustajad nutikamate linnade kujundamiseks.","robots":{"index":"index","follow":"follow","max-snippet":"max-snippet:-1","max-image-preview":"max-image-preview:large","max-video-preview":"max-video-preview:-1"},"canonical":"https:\/\/finestcentre.eu\/et\/meedia-ja-sundmused\/sundmused\/","og_locale":"et_EE","og_type":"article","og_title":"S\u00fcndmused","og_description":"Tutvu meie s\u00fcndmustega, mis toovad kokku teadlased, linnaplaneerijad ja otsustajad nutikamate linnade kujundamiseks.","og_url":"https:\/\/finestcentre.eu\/et\/meedia-ja-sundmused\/sundmused\/","og_site_name":"FinEst Centre","article_publisher":"https:\/\/www.facebook.com\/FinEstCentre","article_modified_time":"2026-04-13T11:13:16+00:00","og_image":[{"width":1024,"height":683,"url":"https:\/\/finestcentre.eu\/wp-content\/uploads\/2025\/06\/FinEst_20250313_116-1024x683.jpg","type":"image\/jpeg"}],"twitter_card":"summary_large_image","twitter_site":"@FinEstSmartCity","twitter_misc":{"Est. reading time":"1 minut"},"schema":{"@context":"https:\/\/schema.org","@graph":[{"@type":"WebPage","@id":"https:\/\/finestcentre.eu\/et\/meedia-ja-sundmused\/sundmused\/","url":"https:\/\/finestcentre.eu\/et\/meedia-ja-sundmused\/sundmused\/","name":"Targa linna \u00fcritused: Koost\u00f6\u00f6 ja teadmiste vahetamine - FinEst Centre","isPartOf":{"@id":"https:\/\/finestcentre.eu\/et\/#website"},"primaryImageOfPage":{"@id":"https:\/\/finestcentre.eu\/et\/meedia-ja-sundmused\/sundmused\/#primaryimage"},"image":{"@id":"https:\/\/finestcentre.eu\/et\/meedia-ja-sundmused\/sundmused\/#primaryimage"},"thumbnailUrl":"https:\/\/finestcentre.eu\/wp-content\/uploads\/2025\/06\/FinEst_20250313_116.jpg","datePublished":"2023-05-30T20:56:13+00:00","dateModified":"2026-04-13T11:13:16+00:00","description":"Tutvu meie s\u00fcndmustega, mis toovad kokku teadlased, linnaplaneerijad ja otsustajad nutikamate linnade kujundamiseks.","breadcrumb":{"@id":"https:\/\/finestcentre.eu\/et\/meedia-ja-sundmused\/sundmused\/#breadcrumb"},"inLanguage":"et","potentialAction":[{"@type":"ReadAction","target":["https:\/\/finestcentre.eu\/et\/meedia-ja-sundmused\/sundmused\/"]}]},{"@type":"ImageObject","inLanguage":"et","@id":"https:\/\/finestcentre.eu\/et\/meedia-ja-sundmused\/sundmused\/#primaryimage","url":"https:\/\/finestcentre.eu\/wp-content\/uploads\/2025\/06\/FinEst_20250313_116.jpg","contentUrl":"https:\/\/finestcentre.eu\/wp-content\/uploads\/2025\/06\/FinEst_20250313_116.jpg","width":7846,"height":5233},{"@type":"BreadcrumbList","@id":"https:\/\/finestcentre.eu\/et\/meedia-ja-sundmused\/sundmused\/#breadcrumb","itemListElement":[{"@type":"ListItem","position":1,"name":"Home","item":"https:\/\/finestcentre.eu\/et\/"},{"@type":"ListItem","position":2,"name":"S\u00fcndmused","item":null}]},{"@type":"WebSite","@id":"https:\/\/finestcentre.eu\/et\/#website","url":"https:\/\/finestcentre.eu\/et\/","name":"FinEst Centre","description":"","publisher":{"@id":"https:\/\/finestcentre.eu\/et\/#organization"},"potentialAction":[{"@type":"SearchAction","target":{"@type":"EntryPoint","urlTemplate":"https:\/\/finestcentre.eu\/et\/?s={search_term_string}"},"query-input":{"@type":"PropertyValueSpecification","valueRequired":true,"valueName":"search_term_string"}}],"inLanguage":"et"},{"@type":"Organization","@id":"https:\/\/finestcentre.eu\/et\/#organization","name":"Finest Center","alternateName":"FinEst Centre for Smart Cities","url":"https:\/\/finestcentre.eu\/et\/","logo":{"@type":"ImageObject","inLanguage":"et","@id":"https:\/\/finestcentre.eu\/et\/#\/schema\/logo\/image\/","url":"https:\/\/finestcentre.eu\/wp-content\/uploads\/2023\/04\/logo.svg","contentUrl":"https:\/\/finestcentre.eu\/wp-content\/uploads\/2023\/04\/logo.svg","caption":"Finest Center"},"image":{"@id":"https:\/\/finestcentre.eu\/et\/#\/schema\/logo\/image\/"},"sameAs":["https:\/\/www.facebook.com\/FinEstCentre","https:\/\/x.com\/FinEstSmartCity","https:\/\/www.linkedin.com\/company\/finest-centre-for-smart-cities\/","https:\/\/www.youtube.com\/channel\/UCIo8AWMG9HwYSepvCFkA6DA"],"address":[{"@type":"PostalAddress","streetAddress":"Ehitajate tee 5","addressLocality":"Tallinn","postalCode":"19086","addressCountry":"EE"}],"description":"FinEst Centre for Smart Cities is an independent organisation under Tallinn University of Technology. FinEst Centre is an international organisation founded by Tallinn University of Technology, Aalto University, Forum Virium Helsinki and the Estonian Ministry of Economic","foundingDate":"2019-01-01","numberOfEmployees":{"@type":"QuantitativeValue","minValue":"11","maxValue":"50"}}]}},"_links":{"self":[{"href":"https:\/\/finestcentre.eu\/et\/wp-json\/wp\/v2\/pages\/2059","targetHints":{"allow":["GET"]}}],"collection":[{"href":"https:\/\/finestcentre.eu\/et\/wp-json\/wp\/v2\/pages"}],"about":[{"href":"https:\/\/finestcentre.eu\/et\/wp-json\/wp\/v2\/types\/page"}],"author":[{"embeddable":true,"href":"https:\/\/finestcentre.eu\/et\/wp-json\/wp\/v2\/users\/1"}],"replies":[{"embeddable":true,"href":"https:\/\/finestcentre.eu\/et\/wp-json\/wp\/v2\/comments?post=2059"}],"version-history":[{"count":9,"href":"https:\/\/finestcentre.eu\/et\/wp-json\/wp\/v2\/pages\/2059\/revisions"}],"predecessor-version":[{"id":8099,"href":"https:\/\/finestcentre.eu\/et\/wp-json\/wp\/v2\/pages\/2059\/revisions\/8099"}],"up":[{"embeddable":true,"href":"https:\/\/finestcentre.eu\/et\/wp-json\/wp\/v2\/pages\/2104"}],"wp:featuredmedia":[{"embeddable":true,"href":"https:\/\/finestcentre.eu\/et\/wp-json\/wp\/v2\/media\/6941"}],"wp:attachment":[{"href":"https:\/\/finestcentre.eu\/et\/wp-json\/wp\/v2\/media?parent=2059"}],"curies":[{"name":"wp","href":"https:\/\/api.w.org\/{rel}","templated":true}]}}