{"id":2381,"date":"2023-07-10T16:28:48","date_gmt":"2023-07-10T13:28:48","guid":{"rendered":"https:\/\/pre.cdev.ee\/finest-centre\/?page_id=2381"},"modified":"2025-10-27T16:11:50","modified_gmt":"2025-10-27T14:11:50","slug":"linnaelaniku-heaolu-diagnostika","status":"publish","type":"page","link":"https:\/\/finestcentre.eu\/et\/targad-teenused-linnadele\/konsultatsioonid-ja-teenused\/linnaelaniku-heaolu-diagnostika\/","title":{"rendered":"Linnaelaniku heaolu diagnostika"},"content":{"rendered":"<p>Kujundage linnaruumi, l\u00e4htudes elanike tegelikust heaolust<\/p>\n","protected":false},"excerpt":{"rendered":"<p>Kujundage linnaruumi, l\u00e4htudes elanike tegelikust heaolust<\/p>\n","protected":false},"author":4,"featured_media":2398,"parent":2058,"menu_order":0,"comment_status":"closed","ping_status":"closed","template":"templates\/tpl_consultancy.php","meta":{"footnotes":""},"class_list":["post-2381","page","type-page","status-publish","has-post-thumbnail","hentry","entry"],"acf":[],"yoast_head":"<!-- This site is optimized with the Yoast SEO Premium plugin v27.2 (Yoast SEO v27.3) - https:\/\/yoast.com\/product\/yoast-seo-premium-wordpress\/ -->\n<title>Linnaelanike heaolu hindamine: Parem elukeskkond - FinEst Centre<\/title>\n<meta name=\"description\" content=\"Linnaelanike heaolu diagnostika aitab saada \u00fclevaadet, kuidas avalik ruum m\u00f5jutab elanike vaimset ja f\u00fc\u00fcsilist heaolu.\" \/>\n<meta name=\"robots\" content=\"index, follow, max-snippet:-1, max-image-preview:large, max-video-preview:-1\" \/>\n<link rel=\"canonical\" href=\"https:\/\/finestcentre.eu\/et\/targad-teenused-linnadele\/konsultatsioonid-ja-teenused\/linnaelaniku-heaolu-diagnostika\/\" \/>\n<meta property=\"og:locale\" content=\"et_EE\" \/>\n<meta property=\"og:type\" content=\"article\" \/>\n<meta property=\"og:title\" content=\"Linnaelaniku heaolu diagnostika\" \/>\n<meta property=\"og:description\" content=\"Linnaelanike heaolu diagnostika aitab saada \u00fclevaadet, kuidas avalik ruum m\u00f5jutab elanike vaimset ja f\u00fc\u00fcsilist heaolu.\" \/>\n<meta property=\"og:url\" content=\"https:\/\/finestcentre.eu\/et\/targad-teenused-linnadele\/konsultatsioonid-ja-teenused\/linnaelaniku-heaolu-diagnostika\/\" \/>\n<meta property=\"og:site_name\" content=\"FinEst Centre\" \/>\n<meta property=\"article:publisher\" content=\"https:\/\/www.facebook.com\/FinEstCentre\" \/>\n<meta property=\"article:modified_time\" content=\"2025-10-27T14:11:50+00:00\" \/>\n<meta property=\"og:image\" content=\"https:\/\/finestcentre.eu\/wp-content\/uploads\/2023\/07\/Heaolu-skoor-uuring-Narvas-34-1024x683.jpeg\" \/>\n\t<meta property=\"og:image:width\" content=\"1024\" \/>\n\t<meta property=\"og:image:height\" content=\"683\" \/>\n\t<meta property=\"og:image:type\" content=\"image\/jpeg\" \/>\n<meta name=\"twitter:card\" content=\"summary_large_image\" \/>\n<meta name=\"twitter:site\" content=\"@FinEstSmartCity\" \/>\n<meta name=\"twitter:label1\" content=\"Est. reading time\" \/>\n\t<meta name=\"twitter:data1\" content=\"2 minutit\" \/>\n<script type=\"application\/ld+json\" class=\"yoast-schema-graph\">{\"@context\":\"https:\\\/\\\/schema.org\",\"@graph\":[{\"@type\":\"WebPage\",\"@id\":\"https:\\\/\\\/finestcentre.eu\\\/et\\\/targad-teenused-linnadele\\\/konsultatsioonid-ja-teenused\\\/linnaelaniku-heaolu-diagnostika\\\/\",\"url\":\"https:\\\/\\\/finestcentre.eu\\\/et\\\/targad-teenused-linnadele\\\/konsultatsioonid-ja-teenused\\\/linnaelaniku-heaolu-diagnostika\\\/\",\"name\":\"Linnaelanike heaolu hindamine: Parem elukeskkond - FinEst Centre\",\"isPartOf\":{\"@id\":\"https:\\\/\\\/finestcentre.eu\\\/et\\\/#website\"},\"primaryImageOfPage\":{\"@id\":\"https:\\\/\\\/finestcentre.eu\\\/et\\\/targad-teenused-linnadele\\\/konsultatsioonid-ja-teenused\\\/linnaelaniku-heaolu-diagnostika\\\/#primaryimage\"},\"image\":{\"@id\":\"https:\\\/\\\/finestcentre.eu\\\/et\\\/targad-teenused-linnadele\\\/konsultatsioonid-ja-teenused\\\/linnaelaniku-heaolu-diagnostika\\\/#primaryimage\"},\"thumbnailUrl\":\"https:\\\/\\\/finestcentre.eu\\\/wp-content\\\/uploads\\\/2023\\\/07\\\/Heaolu-skoor-uuring-Narvas-34-scaled.jpeg\",\"datePublished\":\"2023-07-10T13:28:48+00:00\",\"dateModified\":\"2025-10-27T14:11:50+00:00\",\"description\":\"Linnaelanike heaolu diagnostika aitab saada \u00fclevaadet, kuidas avalik ruum m\u00f5jutab elanike vaimset ja f\u00fc\u00fcsilist heaolu.\",\"breadcrumb\":{\"@id\":\"https:\\\/\\\/finestcentre.eu\\\/et\\\/targad-teenused-linnadele\\\/konsultatsioonid-ja-teenused\\\/linnaelaniku-heaolu-diagnostika\\\/#breadcrumb\"},\"inLanguage\":\"et\",\"potentialAction\":[{\"@type\":\"ReadAction\",\"target\":[\"https:\\\/\\\/finestcentre.eu\\\/et\\\/targad-teenused-linnadele\\\/konsultatsioonid-ja-teenused\\\/linnaelaniku-heaolu-diagnostika\\\/\"]}]},{\"@type\":\"ImageObject\",\"inLanguage\":\"et\",\"@id\":\"https:\\\/\\\/finestcentre.eu\\\/et\\\/targad-teenused-linnadele\\\/konsultatsioonid-ja-teenused\\\/linnaelaniku-heaolu-diagnostika\\\/#primaryimage\",\"url\":\"https:\\\/\\\/finestcentre.eu\\\/wp-content\\\/uploads\\\/2023\\\/07\\\/Heaolu-skoor-uuring-Narvas-34-scaled.jpeg\",\"contentUrl\":\"https:\\\/\\\/finestcentre.eu\\\/wp-content\\\/uploads\\\/2023\\\/07\\\/Heaolu-skoor-uuring-Narvas-34-scaled.jpeg\",\"width\":2560,\"height\":1707,\"caption\":\"citizens well-being dia\"},{\"@type\":\"BreadcrumbList\",\"@id\":\"https:\\\/\\\/finestcentre.eu\\\/et\\\/targad-teenused-linnadele\\\/konsultatsioonid-ja-teenused\\\/linnaelaniku-heaolu-diagnostika\\\/#breadcrumb\",\"itemListElement\":[{\"@type\":\"ListItem\",\"position\":1,\"name\":\"Home\",\"item\":\"https:\\\/\\\/finestcentre.eu\\\/et\\\/\"},{\"@type\":\"ListItem\",\"position\":2,\"name\":\"Konsultatsioonid ja teenused\",\"item\":\"https:\\\/\\\/finestcentre.eu\\\/et\\\/targad-teenused-linnadele\\\/konsultatsioonid-ja-teenused\\\/\"},{\"@type\":\"ListItem\",\"position\":3,\"name\":\"Linnaelaniku heaolu diagnostika\",\"item\":null}]},{\"@type\":\"WebSite\",\"@id\":\"https:\\\/\\\/finestcentre.eu\\\/et\\\/#website\",\"url\":\"https:\\\/\\\/finestcentre.eu\\\/et\\\/\",\"name\":\"FinEst Centre\",\"description\":\"\",\"publisher\":{\"@id\":\"https:\\\/\\\/finestcentre.eu\\\/et\\\/#organization\"},\"potentialAction\":[{\"@type\":\"SearchAction\",\"target\":{\"@type\":\"EntryPoint\",\"urlTemplate\":\"https:\\\/\\\/finestcentre.eu\\\/et\\\/?s={search_term_string}\"},\"query-input\":{\"@type\":\"PropertyValueSpecification\",\"valueRequired\":true,\"valueName\":\"search_term_string\"}}],\"inLanguage\":\"et\"},{\"@type\":\"Organization\",\"@id\":\"https:\\\/\\\/finestcentre.eu\\\/et\\\/#organization\",\"name\":\"Finest Center\",\"alternateName\":\"FinEst Centre for Smart Cities\",\"url\":\"https:\\\/\\\/finestcentre.eu\\\/et\\\/\",\"logo\":{\"@type\":\"ImageObject\",\"inLanguage\":\"et\",\"@id\":\"https:\\\/\\\/finestcentre.eu\\\/et\\\/#\\\/schema\\\/logo\\\/image\\\/\",\"url\":\"https:\\\/\\\/finestcentre.eu\\\/wp-content\\\/uploads\\\/2023\\\/04\\\/logo.svg\",\"contentUrl\":\"https:\\\/\\\/finestcentre.eu\\\/wp-content\\\/uploads\\\/2023\\\/04\\\/logo.svg\",\"caption\":\"Finest Center\"},\"image\":{\"@id\":\"https:\\\/\\\/finestcentre.eu\\\/et\\\/#\\\/schema\\\/logo\\\/image\\\/\"},\"sameAs\":[\"https:\\\/\\\/www.facebook.com\\\/FinEstCentre\",\"https:\\\/\\\/x.com\\\/FinEstSmartCity\",\"https:\\\/\\\/www.linkedin.com\\\/company\\\/finest-centre-for-smart-cities\\\/\",\"https:\\\/\\\/www.youtube.com\\\/channel\\\/UCIo8AWMG9HwYSepvCFkA6DA\"],\"address\":[{\"@type\":\"PostalAddress\",\"streetAddress\":\"Ehitajate tee 5\",\"addressLocality\":\"Tallinn\",\"postalCode\":\"19086\",\"addressCountry\":\"EE\"}],\"description\":\"FinEst Centre for Smart Cities is an independent organisation under Tallinn University of Technology. FinEst Centre is an international organisation founded by Tallinn University of Technology, Aalto University, Forum Virium Helsinki and the Estonian Ministry of Economic\",\"foundingDate\":\"2019-01-01\",\"numberOfEmployees\":{\"@type\":\"QuantitativeValue\",\"minValue\":\"11\",\"maxValue\":\"50\"}}]}<\/script>\n<!-- \/ Yoast SEO Premium plugin. -->","yoast_head_json":{"title":"Linnaelanike heaolu hindamine: Parem elukeskkond - FinEst Centre","description":"Linnaelanike heaolu diagnostika aitab saada \u00fclevaadet, kuidas avalik ruum m\u00f5jutab elanike vaimset ja f\u00fc\u00fcsilist heaolu.","robots":{"index":"index","follow":"follow","max-snippet":"max-snippet:-1","max-image-preview":"max-image-preview:large","max-video-preview":"max-video-preview:-1"},"canonical":"https:\/\/finestcentre.eu\/et\/targad-teenused-linnadele\/konsultatsioonid-ja-teenused\/linnaelaniku-heaolu-diagnostika\/","og_locale":"et_EE","og_type":"article","og_title":"Linnaelaniku heaolu diagnostika","og_description":"Linnaelanike heaolu diagnostika aitab saada \u00fclevaadet, kuidas avalik ruum m\u00f5jutab elanike vaimset ja f\u00fc\u00fcsilist heaolu.","og_url":"https:\/\/finestcentre.eu\/et\/targad-teenused-linnadele\/konsultatsioonid-ja-teenused\/linnaelaniku-heaolu-diagnostika\/","og_site_name":"FinEst Centre","article_publisher":"https:\/\/www.facebook.com\/FinEstCentre","article_modified_time":"2025-10-27T14:11:50+00:00","og_image":[{"width":1024,"height":683,"url":"https:\/\/finestcentre.eu\/wp-content\/uploads\/2023\/07\/Heaolu-skoor-uuring-Narvas-34-1024x683.jpeg","type":"image\/jpeg"}],"twitter_card":"summary_large_image","twitter_site":"@FinEstSmartCity","twitter_misc":{"Est. reading time":"2 minutit"},"schema":{"@context":"https:\/\/schema.org","@graph":[{"@type":"WebPage","@id":"https:\/\/finestcentre.eu\/et\/targad-teenused-linnadele\/konsultatsioonid-ja-teenused\/linnaelaniku-heaolu-diagnostika\/","url":"https:\/\/finestcentre.eu\/et\/targad-teenused-linnadele\/konsultatsioonid-ja-teenused\/linnaelaniku-heaolu-diagnostika\/","name":"Linnaelanike heaolu hindamine: Parem elukeskkond - FinEst Centre","isPartOf":{"@id":"https:\/\/finestcentre.eu\/et\/#website"},"primaryImageOfPage":{"@id":"https:\/\/finestcentre.eu\/et\/targad-teenused-linnadele\/konsultatsioonid-ja-teenused\/linnaelaniku-heaolu-diagnostika\/#primaryimage"},"image":{"@id":"https:\/\/finestcentre.eu\/et\/targad-teenused-linnadele\/konsultatsioonid-ja-teenused\/linnaelaniku-heaolu-diagnostika\/#primaryimage"},"thumbnailUrl":"https:\/\/finestcentre.eu\/wp-content\/uploads\/2023\/07\/Heaolu-skoor-uuring-Narvas-34-scaled.jpeg","datePublished":"2023-07-10T13:28:48+00:00","dateModified":"2025-10-27T14:11:50+00:00","description":"Linnaelanike heaolu diagnostika aitab saada \u00fclevaadet, kuidas avalik ruum m\u00f5jutab elanike vaimset ja f\u00fc\u00fcsilist heaolu.","breadcrumb":{"@id":"https:\/\/finestcentre.eu\/et\/targad-teenused-linnadele\/konsultatsioonid-ja-teenused\/linnaelaniku-heaolu-diagnostika\/#breadcrumb"},"inLanguage":"et","potentialAction":[{"@type":"ReadAction","target":["https:\/\/finestcentre.eu\/et\/targad-teenused-linnadele\/konsultatsioonid-ja-teenused\/linnaelaniku-heaolu-diagnostika\/"]}]},{"@type":"ImageObject","inLanguage":"et","@id":"https:\/\/finestcentre.eu\/et\/targad-teenused-linnadele\/konsultatsioonid-ja-teenused\/linnaelaniku-heaolu-diagnostika\/#primaryimage","url":"https:\/\/finestcentre.eu\/wp-content\/uploads\/2023\/07\/Heaolu-skoor-uuring-Narvas-34-scaled.jpeg","contentUrl":"https:\/\/finestcentre.eu\/wp-content\/uploads\/2023\/07\/Heaolu-skoor-uuring-Narvas-34-scaled.jpeg","width":2560,"height":1707,"caption":"citizens well-being dia"},{"@type":"BreadcrumbList","@id":"https:\/\/finestcentre.eu\/et\/targad-teenused-linnadele\/konsultatsioonid-ja-teenused\/linnaelaniku-heaolu-diagnostika\/#breadcrumb","itemListElement":[{"@type":"ListItem","position":1,"name":"Home","item":"https:\/\/finestcentre.eu\/et\/"},{"@type":"ListItem","position":2,"name":"Konsultatsioonid ja teenused","item":"https:\/\/finestcentre.eu\/et\/targad-teenused-linnadele\/konsultatsioonid-ja-teenused\/"},{"@type":"ListItem","position":3,"name":"Linnaelaniku heaolu diagnostika","item":null}]},{"@type":"WebSite","@id":"https:\/\/finestcentre.eu\/et\/#website","url":"https:\/\/finestcentre.eu\/et\/","name":"FinEst Centre","description":"","publisher":{"@id":"https:\/\/finestcentre.eu\/et\/#organization"},"potentialAction":[{"@type":"SearchAction","target":{"@type":"EntryPoint","urlTemplate":"https:\/\/finestcentre.eu\/et\/?s={search_term_string}"},"query-input":{"@type":"PropertyValueSpecification","valueRequired":true,"valueName":"search_term_string"}}],"inLanguage":"et"},{"@type":"Organization","@id":"https:\/\/finestcentre.eu\/et\/#organization","name":"Finest Center","alternateName":"FinEst Centre for Smart Cities","url":"https:\/\/finestcentre.eu\/et\/","logo":{"@type":"ImageObject","inLanguage":"et","@id":"https:\/\/finestcentre.eu\/et\/#\/schema\/logo\/image\/","url":"https:\/\/finestcentre.eu\/wp-content\/uploads\/2023\/04\/logo.svg","contentUrl":"https:\/\/finestcentre.eu\/wp-content\/uploads\/2023\/04\/logo.svg","caption":"Finest Center"},"image":{"@id":"https:\/\/finestcentre.eu\/et\/#\/schema\/logo\/image\/"},"sameAs":["https:\/\/www.facebook.com\/FinEstCentre","https:\/\/x.com\/FinEstSmartCity","https:\/\/www.linkedin.com\/company\/finest-centre-for-smart-cities\/","https:\/\/www.youtube.com\/channel\/UCIo8AWMG9HwYSepvCFkA6DA"],"address":[{"@type":"PostalAddress","streetAddress":"Ehitajate tee 5","addressLocality":"Tallinn","postalCode":"19086","addressCountry":"EE"}],"description":"FinEst Centre for Smart Cities is an independent organisation under Tallinn University of Technology. FinEst Centre is an international organisation founded by Tallinn University of Technology, Aalto University, Forum Virium Helsinki and the Estonian Ministry of Economic","foundingDate":"2019-01-01","numberOfEmployees":{"@type":"QuantitativeValue","minValue":"11","maxValue":"50"}}]}},"_links":{"self":[{"href":"https:\/\/finestcentre.eu\/et\/wp-json\/wp\/v2\/pages\/2381","targetHints":{"allow":["GET"]}}],"collection":[{"href":"https:\/\/finestcentre.eu\/et\/wp-json\/wp\/v2\/pages"}],"about":[{"href":"https:\/\/finestcentre.eu\/et\/wp-json\/wp\/v2\/types\/page"}],"author":[{"embeddable":true,"href":"https:\/\/finestcentre.eu\/et\/wp-json\/wp\/v2\/users\/4"}],"replies":[{"embeddable":true,"href":"https:\/\/finestcentre.eu\/et\/wp-json\/wp\/v2\/comments?post=2381"}],"version-history":[{"count":15,"href":"https:\/\/finestcentre.eu\/et\/wp-json\/wp\/v2\/pages\/2381\/revisions"}],"predecessor-version":[{"id":7530,"href":"https:\/\/finestcentre.eu\/et\/wp-json\/wp\/v2\/pages\/2381\/revisions\/7530"}],"up":[{"embeddable":true,"href":"https:\/\/finestcentre.eu\/et\/wp-json\/wp\/v2\/pages\/2058"}],"wp:featuredmedia":[{"embeddable":true,"href":"https:\/\/finestcentre.eu\/et\/wp-json\/wp\/v2\/media\/2398"}],"wp:attachment":[{"href":"https:\/\/finestcentre.eu\/et\/wp-json\/wp\/v2\/media?parent=2381"}],"curies":[{"name":"wp","href":"https:\/\/api.w.org\/{rel}","templated":true}]}}