{"id":4878,"date":"2024-04-04T16:38:57","date_gmt":"2024-04-04T13:38:57","guid":{"rendered":"https:\/\/finestcentre.eu\/?page_id=4878"},"modified":"2025-06-27T13:58:46","modified_gmt":"2025-06-27T10:58:46","slug":"ettevottele","status":"publish","type":"page","link":"https:\/\/finestcentre.eu\/et\/ettevottele\/","title":{"rendered":"Ettev\u00f5ttele"},"content":{"rendered":"<h1 class=\"h3\">Targemad linnad<\/h1>\n<h1 class=\"h3\">teaduse ja ettev\u00f5tluse koost\u00f6\u00f6st<\/h1>\n","protected":false},"excerpt":{"rendered":"<p>Targemad linnad teaduse ja ettev\u00f5tluse koost\u00f6\u00f6st<\/p>\n","protected":false},"author":5,"featured_media":4894,"parent":0,"menu_order":0,"comment_status":"closed","ping_status":"closed","template":"templates\/tpl_researchers.php","meta":{"footnotes":""},"class_list":["post-4878","page","type-page","status-publish","has-post-thumbnail","hentry","entry"],"acf":[],"yoast_head":"<!-- This site is optimized with the Yoast SEO Premium plugin v27.2 (Yoast SEO v27.4) - https:\/\/yoast.com\/product\/yoast-seo-premium-wordpress\/ -->\n<title>Koost\u00f6\u00f6 ettev\u00f5tetega targa linna valdkonnas - FinEst Centre<\/title>\n<meta name=\"description\" content=\"Targa linna tippkeskus on usaldusv\u00e4\u00e4rne ja professionaalne partner, kes aitab laiendada tooteportfelli ja arendada nutikaid teenuseid.\" \/>\n<meta name=\"robots\" content=\"index, follow, max-snippet:-1, max-image-preview:large, max-video-preview:-1\" \/>\n<link rel=\"canonical\" href=\"https:\/\/finestcentre.eu\/et\/ettevottele\/\" \/>\n<meta property=\"og:locale\" content=\"et_EE\" \/>\n<meta property=\"og:type\" content=\"article\" \/>\n<meta property=\"og:title\" content=\"Ettev\u00f5ttele\" \/>\n<meta property=\"og:description\" content=\"Targa linna tippkeskus on usaldusv\u00e4\u00e4rne ja professionaalne partner, kes aitab laiendada tooteportfelli ja arendada nutikaid teenuseid.\" \/>\n<meta property=\"og:url\" content=\"https:\/\/finestcentre.eu\/et\/ettevottele\/\" \/>\n<meta property=\"og:site_name\" content=\"FinEst Centre\" \/>\n<meta property=\"article:publisher\" content=\"https:\/\/www.facebook.com\/FinEstCentre\" \/>\n<meta property=\"article:modified_time\" content=\"2025-06-27T10:58:46+00:00\" \/>\n<meta property=\"og:image\" content=\"https:\/\/finestcentre.eu\/wp-content\/uploads\/2024\/04\/victor-VnFGmctBs1s-unsplash-1024x819.jpg\" \/>\n\t<meta property=\"og:image:width\" content=\"1024\" \/>\n\t<meta property=\"og:image:height\" content=\"819\" \/>\n\t<meta property=\"og:image:type\" content=\"image\/jpeg\" \/>\n<meta name=\"twitter:card\" content=\"summary_large_image\" \/>\n<meta name=\"twitter:site\" content=\"@FinEstSmartCity\" \/>\n<meta name=\"twitter:label1\" content=\"Est. reading time\" \/>\n\t<meta name=\"twitter:data1\" content=\"2 minutit\" \/>\n<script type=\"application\/ld+json\" class=\"yoast-schema-graph\">{\"@context\":\"https:\\\/\\\/schema.org\",\"@graph\":[{\"@type\":\"WebPage\",\"@id\":\"https:\\\/\\\/finestcentre.eu\\\/et\\\/ettevottele\\\/\",\"url\":\"https:\\\/\\\/finestcentre.eu\\\/et\\\/ettevottele\\\/\",\"name\":\"Koost\u00f6\u00f6 ettev\u00f5tetega targa linna valdkonnas - FinEst Centre\",\"isPartOf\":{\"@id\":\"https:\\\/\\\/finestcentre.eu\\\/et\\\/#website\"},\"primaryImageOfPage\":{\"@id\":\"https:\\\/\\\/finestcentre.eu\\\/et\\\/ettevottele\\\/#primaryimage\"},\"image\":{\"@id\":\"https:\\\/\\\/finestcentre.eu\\\/et\\\/ettevottele\\\/#primaryimage\"},\"thumbnailUrl\":\"https:\\\/\\\/finestcentre.eu\\\/wp-content\\\/uploads\\\/2024\\\/04\\\/victor-VnFGmctBs1s-unsplash.jpg\",\"datePublished\":\"2024-04-04T13:38:57+00:00\",\"dateModified\":\"2025-06-27T10:58:46+00:00\",\"description\":\"Targa linna tippkeskus on usaldusv\u00e4\u00e4rne ja professionaalne partner, kes aitab laiendada tooteportfelli ja arendada nutikaid teenuseid.\",\"breadcrumb\":{\"@id\":\"https:\\\/\\\/finestcentre.eu\\\/et\\\/ettevottele\\\/#breadcrumb\"},\"inLanguage\":\"et\",\"potentialAction\":[{\"@type\":\"ReadAction\",\"target\":[\"https:\\\/\\\/finestcentre.eu\\\/et\\\/ettevottele\\\/\"]}]},{\"@type\":\"ImageObject\",\"inLanguage\":\"et\",\"@id\":\"https:\\\/\\\/finestcentre.eu\\\/et\\\/ettevottele\\\/#primaryimage\",\"url\":\"https:\\\/\\\/finestcentre.eu\\\/wp-content\\\/uploads\\\/2024\\\/04\\\/victor-VnFGmctBs1s-unsplash.jpg\",\"contentUrl\":\"https:\\\/\\\/finestcentre.eu\\\/wp-content\\\/uploads\\\/2024\\\/04\\\/victor-VnFGmctBs1s-unsplash.jpg\",\"width\":2560,\"height\":2048,\"caption\":\"Partnership with companies for green and deep tech\"},{\"@type\":\"BreadcrumbList\",\"@id\":\"https:\\\/\\\/finestcentre.eu\\\/et\\\/ettevottele\\\/#breadcrumb\",\"itemListElement\":[{\"@type\":\"ListItem\",\"position\":1,\"name\":\"Home\",\"item\":\"https:\\\/\\\/finestcentre.eu\\\/et\\\/\"},{\"@type\":\"ListItem\",\"position\":2,\"name\":\"Ettev\u00f5ttele\",\"item\":null}]},{\"@type\":\"WebSite\",\"@id\":\"https:\\\/\\\/finestcentre.eu\\\/et\\\/#website\",\"url\":\"https:\\\/\\\/finestcentre.eu\\\/et\\\/\",\"name\":\"FinEst Centre\",\"description\":\"\",\"publisher\":{\"@id\":\"https:\\\/\\\/finestcentre.eu\\\/et\\\/#organization\"},\"potentialAction\":[{\"@type\":\"SearchAction\",\"target\":{\"@type\":\"EntryPoint\",\"urlTemplate\":\"https:\\\/\\\/finestcentre.eu\\\/et\\\/?s={search_term_string}\"},\"query-input\":{\"@type\":\"PropertyValueSpecification\",\"valueRequired\":true,\"valueName\":\"search_term_string\"}}],\"inLanguage\":\"et\"},{\"@type\":\"Organization\",\"@id\":\"https:\\\/\\\/finestcentre.eu\\\/et\\\/#organization\",\"name\":\"Finest Center\",\"alternateName\":\"FinEst Centre for Smart Cities\",\"url\":\"https:\\\/\\\/finestcentre.eu\\\/et\\\/\",\"logo\":{\"@type\":\"ImageObject\",\"inLanguage\":\"et\",\"@id\":\"https:\\\/\\\/finestcentre.eu\\\/et\\\/#\\\/schema\\\/logo\\\/image\\\/\",\"url\":\"https:\\\/\\\/finestcentre.eu\\\/wp-content\\\/uploads\\\/2023\\\/04\\\/logo.svg\",\"contentUrl\":\"https:\\\/\\\/finestcentre.eu\\\/wp-content\\\/uploads\\\/2023\\\/04\\\/logo.svg\",\"caption\":\"Finest Center\"},\"image\":{\"@id\":\"https:\\\/\\\/finestcentre.eu\\\/et\\\/#\\\/schema\\\/logo\\\/image\\\/\"},\"sameAs\":[\"https:\\\/\\\/www.facebook.com\\\/FinEstCentre\",\"https:\\\/\\\/x.com\\\/FinEstSmartCity\",\"https:\\\/\\\/www.linkedin.com\\\/company\\\/finest-centre-for-smart-cities\\\/\",\"https:\\\/\\\/www.youtube.com\\\/channel\\\/UCIo8AWMG9HwYSepvCFkA6DA\"],\"address\":[{\"@type\":\"PostalAddress\",\"streetAddress\":\"Ehitajate tee 5\",\"addressLocality\":\"Tallinn\",\"postalCode\":\"19086\",\"addressCountry\":\"EE\"}],\"description\":\"FinEst Centre for Smart Cities is an independent organisation under Tallinn University of Technology. FinEst Centre is an international organisation founded by Tallinn University of Technology, Aalto University, Forum Virium Helsinki and the Estonian Ministry of Economic\",\"foundingDate\":\"2019-01-01\",\"numberOfEmployees\":{\"@type\":\"QuantitativeValue\",\"minValue\":\"11\",\"maxValue\":\"50\"}}]}<\/script>\n<!-- \/ Yoast SEO Premium plugin. -->","yoast_head_json":{"title":"Koost\u00f6\u00f6 ettev\u00f5tetega targa linna valdkonnas - FinEst Centre","description":"Targa linna tippkeskus on usaldusv\u00e4\u00e4rne ja professionaalne partner, kes aitab laiendada tooteportfelli ja arendada nutikaid teenuseid.","robots":{"index":"index","follow":"follow","max-snippet":"max-snippet:-1","max-image-preview":"max-image-preview:large","max-video-preview":"max-video-preview:-1"},"canonical":"https:\/\/finestcentre.eu\/et\/ettevottele\/","og_locale":"et_EE","og_type":"article","og_title":"Ettev\u00f5ttele","og_description":"Targa linna tippkeskus on usaldusv\u00e4\u00e4rne ja professionaalne partner, kes aitab laiendada tooteportfelli ja arendada nutikaid teenuseid.","og_url":"https:\/\/finestcentre.eu\/et\/ettevottele\/","og_site_name":"FinEst Centre","article_publisher":"https:\/\/www.facebook.com\/FinEstCentre","article_modified_time":"2025-06-27T10:58:46+00:00","og_image":[{"width":1024,"height":819,"url":"https:\/\/finestcentre.eu\/wp-content\/uploads\/2024\/04\/victor-VnFGmctBs1s-unsplash-1024x819.jpg","type":"image\/jpeg"}],"twitter_card":"summary_large_image","twitter_site":"@FinEstSmartCity","twitter_misc":{"Est. reading time":"2 minutit"},"schema":{"@context":"https:\/\/schema.org","@graph":[{"@type":"WebPage","@id":"https:\/\/finestcentre.eu\/et\/ettevottele\/","url":"https:\/\/finestcentre.eu\/et\/ettevottele\/","name":"Koost\u00f6\u00f6 ettev\u00f5tetega targa linna valdkonnas - FinEst Centre","isPartOf":{"@id":"https:\/\/finestcentre.eu\/et\/#website"},"primaryImageOfPage":{"@id":"https:\/\/finestcentre.eu\/et\/ettevottele\/#primaryimage"},"image":{"@id":"https:\/\/finestcentre.eu\/et\/ettevottele\/#primaryimage"},"thumbnailUrl":"https:\/\/finestcentre.eu\/wp-content\/uploads\/2024\/04\/victor-VnFGmctBs1s-unsplash.jpg","datePublished":"2024-04-04T13:38:57+00:00","dateModified":"2025-06-27T10:58:46+00:00","description":"Targa linna tippkeskus on usaldusv\u00e4\u00e4rne ja professionaalne partner, kes aitab laiendada tooteportfelli ja arendada nutikaid teenuseid.","breadcrumb":{"@id":"https:\/\/finestcentre.eu\/et\/ettevottele\/#breadcrumb"},"inLanguage":"et","potentialAction":[{"@type":"ReadAction","target":["https:\/\/finestcentre.eu\/et\/ettevottele\/"]}]},{"@type":"ImageObject","inLanguage":"et","@id":"https:\/\/finestcentre.eu\/et\/ettevottele\/#primaryimage","url":"https:\/\/finestcentre.eu\/wp-content\/uploads\/2024\/04\/victor-VnFGmctBs1s-unsplash.jpg","contentUrl":"https:\/\/finestcentre.eu\/wp-content\/uploads\/2024\/04\/victor-VnFGmctBs1s-unsplash.jpg","width":2560,"height":2048,"caption":"Partnership with companies for green and deep tech"},{"@type":"BreadcrumbList","@id":"https:\/\/finestcentre.eu\/et\/ettevottele\/#breadcrumb","itemListElement":[{"@type":"ListItem","position":1,"name":"Home","item":"https:\/\/finestcentre.eu\/et\/"},{"@type":"ListItem","position":2,"name":"Ettev\u00f5ttele","item":null}]},{"@type":"WebSite","@id":"https:\/\/finestcentre.eu\/et\/#website","url":"https:\/\/finestcentre.eu\/et\/","name":"FinEst Centre","description":"","publisher":{"@id":"https:\/\/finestcentre.eu\/et\/#organization"},"potentialAction":[{"@type":"SearchAction","target":{"@type":"EntryPoint","urlTemplate":"https:\/\/finestcentre.eu\/et\/?s={search_term_string}"},"query-input":{"@type":"PropertyValueSpecification","valueRequired":true,"valueName":"search_term_string"}}],"inLanguage":"et"},{"@type":"Organization","@id":"https:\/\/finestcentre.eu\/et\/#organization","name":"Finest Center","alternateName":"FinEst Centre for Smart Cities","url":"https:\/\/finestcentre.eu\/et\/","logo":{"@type":"ImageObject","inLanguage":"et","@id":"https:\/\/finestcentre.eu\/et\/#\/schema\/logo\/image\/","url":"https:\/\/finestcentre.eu\/wp-content\/uploads\/2023\/04\/logo.svg","contentUrl":"https:\/\/finestcentre.eu\/wp-content\/uploads\/2023\/04\/logo.svg","caption":"Finest Center"},"image":{"@id":"https:\/\/finestcentre.eu\/et\/#\/schema\/logo\/image\/"},"sameAs":["https:\/\/www.facebook.com\/FinEstCentre","https:\/\/x.com\/FinEstSmartCity","https:\/\/www.linkedin.com\/company\/finest-centre-for-smart-cities\/","https:\/\/www.youtube.com\/channel\/UCIo8AWMG9HwYSepvCFkA6DA"],"address":[{"@type":"PostalAddress","streetAddress":"Ehitajate tee 5","addressLocality":"Tallinn","postalCode":"19086","addressCountry":"EE"}],"description":"FinEst Centre for Smart Cities is an independent organisation under Tallinn University of Technology. FinEst Centre is an international organisation founded by Tallinn University of Technology, Aalto University, Forum Virium Helsinki and the Estonian Ministry of Economic","foundingDate":"2019-01-01","numberOfEmployees":{"@type":"QuantitativeValue","minValue":"11","maxValue":"50"}}]}},"_links":{"self":[{"href":"https:\/\/finestcentre.eu\/et\/wp-json\/wp\/v2\/pages\/4878","targetHints":{"allow":["GET"]}}],"collection":[{"href":"https:\/\/finestcentre.eu\/et\/wp-json\/wp\/v2\/pages"}],"about":[{"href":"https:\/\/finestcentre.eu\/et\/wp-json\/wp\/v2\/types\/page"}],"author":[{"embeddable":true,"href":"https:\/\/finestcentre.eu\/et\/wp-json\/wp\/v2\/users\/5"}],"replies":[{"embeddable":true,"href":"https:\/\/finestcentre.eu\/et\/wp-json\/wp\/v2\/comments?post=4878"}],"version-history":[{"count":18,"href":"https:\/\/finestcentre.eu\/et\/wp-json\/wp\/v2\/pages\/4878\/revisions"}],"predecessor-version":[{"id":7055,"href":"https:\/\/finestcentre.eu\/et\/wp-json\/wp\/v2\/pages\/4878\/revisions\/7055"}],"wp:featuredmedia":[{"embeddable":true,"href":"https:\/\/finestcentre.eu\/et\/wp-json\/wp\/v2\/media\/4894"}],"wp:attachment":[{"href":"https:\/\/finestcentre.eu\/et\/wp-json\/wp\/v2\/media?parent=4878"}],"curies":[{"name":"wp","href":"https:\/\/api.w.org\/{rel}","templated":true}]}}