{"id":5843,"date":"2024-10-01T15:13:39","date_gmt":"2024-10-01T12:13:39","guid":{"rendered":"https:\/\/finestcentre.eu\/?page_id=5843"},"modified":"2025-11-25T13:17:00","modified_gmt":"2025-11-25T11:17:00","slug":"pilootprojektide-rahastamine","status":"publish","type":"page","link":"https:\/\/finestcentre.eu\/et\/pilootprojektide-rahastamine\/","title":{"rendered":"Pilootprojektide rahastamine"},"content":{"rendered":"<p><strong>Pilootprojektide &#8211; Digitaalne rohemudel, Renoveerimisstrateegia t\u00f6\u00f6riist, Linnaplaneerimise heaolu skoor, Mikrov\u00f5rgud ja energiasalvestus, Tuleviku transpordi \u00f6kos\u00fcsteem, Hoonete energiat\u00f5husese audit \u2013 rahastamine.<\/strong><\/p>\n<p>Pilootprojektide elluviimist rahastas Euroopa Regionaalarengu Fondi ja Eesti Haridus- ja Teadusministeeriumi rahastatav projekt \u201eTarga linna tippkeskuse toetusmeetme rakendamine\u201c.<\/p>\n<ul>\n<li>Toetuse andmise eesm\u00e4rk oli aidata kaasa Eesti teaduse rahvusvahelise n\u00e4htavuse ja konkurentsiv\u00f5ime suurendamisele, kasvatades teadus- ja arendusasutuste v\u00f5imekust m\u00f5testada \u00fchiskonna ja majanduse ees seisvaid probleeme ning pakkuda neile teadusp\u00f5hiseid lahendusi.<\/li>\n<li>Toetuse andmise eesm\u00e4rk oli l\u00e4bi viia kaks targa linna ideekonkurssi aastatel 2020 \u2013 2023 ning ellu viia 4-6 pilootprojekti.<\/li>\n<li>Pilootprojekt on teadlaste ja linnade koost\u00f6\u00f6s uue targa linna lahenduse v\u00e4lja t\u00f6\u00f6tamine ning selle toimivuse katsetamine v\u00e4hemalt kahes linnas (sh \u00fcks linn Eestist ja \u00fcks linna m\u00f5nest teisest riigist) ja mille l\u00f5pptulemuseks on otsus lahenduse toimivusest ning sobivus skaleerimiseks teistes linnades maailma erinevates riikides.<\/li>\n<li>Tulemuseks oli tugeva teadusliku, innovaatilise ja \u00e4rilise potentsiaaliga 6 targa linna pilootprojekti,\u00a0millest igasse oli kaasatud \u00fcks kuni kaks linna v\u00f5i valda.<\/li>\n<li>Tulemuseks oli Eesti teaduse rahvusvahelise n\u00e4htavuse ja konkurentsiv\u00f5ime suurenemine ning teadus- ja arendusasutuse v\u00f5imekuse kasv rakendada rahvusvahelistest koost\u00f6\u00f6v\u00f5rgustikest tekkivaid teadustulemusi \u00fchiskonna ja majanduse huvides.<\/li>\n<li>Riigi Tugiteenuste Keskuse struktuurivahendite projektikood: 2014-2020.4.01.20-0289<\/li>\n<li>Tegevuste abik\u00f5lblikkuse periood: 01.01.2020 \u2013 31.10.2023.<\/li>\n<li>Tegevuse kogumaksumus oli 8 600 000 EUR, mida rahastati j\u00e4rgnevalt: Euroopa Regionaalarengu Fond 7 310 000 EURi (kuni 85% kogumaksumusest) ja riigi kaas-finantseering 1 290 000 EURi (v\u00e4hemalt 15% kogumaksumusest). Toetuse m\u00e4\u00e4r oli 100 %.<\/li>\n<\/ul>\n<p>&nbsp;<\/p>\n<p><strong>Pilootprojektide LinnaSulps, CitySense, Vanade hoonete uuskasutus rahastamine ja LightLine.<\/strong><\/p>\n<p>Pilootprojektide elluviimist rahastab Euroopa Regionaalarengu Fondi ja Eesti Haridus- ja Teadusministeeriumi rahastatav projekt \u201cFinEst Targa Linna tippkeskuse piloodiprogramm\u201c<\/p>\n<ul>\n<li>Toetuse andmise eesm\u00e4rk on suurendada Eesti teaduse rahvusvahelist n\u00e4htavust ja konkurentsiv\u00f5imet, tugevdades teadus- ja arendusasutuste v\u00f5imet m\u00f5testada \u00fchiskonna ja majanduse ees seisvaid v\u00e4ljakutseid ning pakkuda neile teadusp\u00f5hiseid lahendusi.<\/li>\n<li>Toetuse andmise eesm\u00e4rk on l\u00e4bi viia kaks targa linna ideekonkurssi aastatel 2023 \u2013 2028 ning ellu viia 6-7 pilootprojekti.<\/li>\n<li>Pilootprojekt on teadlaste ja linnade koost\u00f6\u00f6s uue targa linna lahenduse v\u00e4lja t\u00f6\u00f6tamine ning selle toimivuse katsetamine v\u00e4hemalt kahes linnas (sh \u00fcks linn Eestist ja \u00fcks linna m\u00f5nest teisest riigist) ja mille l\u00f5pptulemuseks on otsus lahenduse toimivusest ning sobivus skaleerimiseks teistes linnades maailma erinevates riiki.<\/li>\n<li>Oodatavaks tulemuseks on tugeva teadusliku, innovaatilise ja \u00e4rilise potentsiaaliga v\u00e4hemalt kuus targa linna pilootprojekti.<\/li>\n<li>Oodatavaks tulemuseks on Eesti teaduse rahvusvahelise n\u00e4htavuse ja konkurentsiv\u00f5ime suurenemine ning teadus- ja arendusasutuse v\u00f5imekuse kasv rakendada rahvusvahelistest koost\u00f6\u00f6v\u00f5rgustikest tekkivaid teadustulemusi \u00fchiskonna ja majanduse huvi.<\/li>\n<li>Tegevuste abik\u00f5lblikkuse periood on 01.09.2023 \u2013 31.12.2028.<\/li>\n<li>Tegevuse kogumaksumus on 8\u00a0600 000 eurot. Sellest Euroopa Liidu Regionaalarengu Fondi vahendid moodustavad 70%: sh 4 228 000 eurot EL toetus ning Eesti riiklik kaasfinantseering 1 812 000 eurot. Lisaks toetakse tegevus Haridus- ja Teadusministeeriumi poolt 2\u00a0560\u00a0000 euroga.<\/li>\n<\/ul>\n<p>&nbsp;<\/p>\n<p><img loading=\"lazy\" decoding=\"async\" class=\"alignnone size-medium wp-image-5851\" src=\"https:\/\/finestcentre.eu\/wp-content\/uploads\/2024\/10\/KAASRA2-1-300x174.png\" alt=\"\" width=\"300\" height=\"174\" \/><img loading=\"lazy\" decoding=\"async\" class=\"alignnone size-medium wp-image-5853\" src=\"https:\/\/finestcentre.eu\/wp-content\/uploads\/2024\/10\/Haridus-_ja_Teadusministeeriumi_est-300x120.png\" alt=\"\" width=\"300\" height=\"120\" \/><\/p>\n","protected":false},"excerpt":{"rendered":"<p>Pilootprojektide &#8211; Digitaalne rohemudel, Renoveerimisstrateegia t\u00f6\u00f6riist, Linnaplaneerimise heaolu skoor, Mikrov\u00f5rgud ja energiasalvestus, Tuleviku transpordi \u00f6kos\u00fcsteem, Hoonete energiat\u00f5husese audit \u2013 rahastamine. Pilootprojektide elluviimist rahastas Euroopa Regionaalarengu Fondi ja Eesti Haridus- ja Teadusministeeriumi rahastatav projekt \u201eTarga linna tippkeskuse toetusmeetme rakendamine\u201c. Toetuse andmise eesm\u00e4rk oli aidata kaasa Eesti teaduse rahvusvahelise n\u00e4htavuse ja konkurentsiv\u00f5ime suurendamisele, kasvatades teadus- ja arendusasutuste&hellip; <a class=\"more-link\" href=\"https:\/\/finestcentre.eu\/et\/pilootprojektide-rahastamine\/\">Continue reading <span class=\"screen-reader-text\">Pilootprojektide rahastamine<\/span><\/a><\/p>\n","protected":false},"author":4,"featured_media":1314,"parent":0,"menu_order":0,"comment_status":"closed","ping_status":"closed","template":"","meta":{"footnotes":""},"class_list":["post-5843","page","type-page","status-publish","has-post-thumbnail","hentry","entry"],"acf":[],"yoast_head":"<!-- This site is optimized with the Yoast SEO Premium plugin v27.2 (Yoast SEO v27.4) - https:\/\/yoast.com\/product\/yoast-seo-premium-wordpress\/ -->\n<title>Pilootprojektide rahastamine - FinEst Centre<\/title>\n<meta name=\"robots\" content=\"index, follow, max-snippet:-1, max-image-preview:large, max-video-preview:-1\" \/>\n<link rel=\"canonical\" href=\"https:\/\/finestcentre.eu\/et\/pilootprojektide-rahastamine\/\" \/>\n<meta property=\"og:locale\" content=\"et_EE\" \/>\n<meta property=\"og:type\" content=\"article\" \/>\n<meta property=\"og:title\" content=\"Pilootprojektide rahastamine\" \/>\n<meta property=\"og:description\" content=\"Pilootprojektide &#8211; Digitaalne rohemudel, Renoveerimisstrateegia t\u00f6\u00f6riist, Linnaplaneerimise heaolu skoor, Mikrov\u00f5rgud ja energiasalvestus, Tuleviku transpordi \u00f6kos\u00fcsteem, Hoonete energiat\u00f5husese audit \u2013 rahastamine. Pilootprojektide elluviimist rahastas Euroopa Regionaalarengu Fondi ja Eesti Haridus- ja Teadusministeeriumi rahastatav projekt \u201eTarga linna tippkeskuse toetusmeetme rakendamine\u201c. Toetuse andmise eesm\u00e4rk oli aidata kaasa Eesti teaduse rahvusvahelise n\u00e4htavuse ja konkurentsiv\u00f5ime suurendamisele, kasvatades teadus- ja arendusasutuste&hellip; Continue reading Pilootprojektide rahastamine\" \/>\n<meta property=\"og:url\" content=\"https:\/\/finestcentre.eu\/et\/pilootprojektide-rahastamine\/\" \/>\n<meta property=\"og:site_name\" content=\"FinEst Centre\" \/>\n<meta property=\"article:publisher\" content=\"https:\/\/www.facebook.com\/FinEstCentre\" \/>\n<meta property=\"article:modified_time\" content=\"2025-11-25T11:17:00+00:00\" \/>\n<meta property=\"og:image\" content=\"https:\/\/finestcentre.eu\/wp-content\/uploads\/2023\/06\/privacy-policy.jpg\" \/>\n\t<meta property=\"og:image:width\" content=\"1440\" \/>\n\t<meta property=\"og:image:height\" content=\"500\" \/>\n\t<meta property=\"og:image:type\" content=\"image\/jpeg\" \/>\n<meta name=\"twitter:card\" content=\"summary_large_image\" \/>\n<meta name=\"twitter:site\" content=\"@FinEstSmartCity\" \/>\n<meta name=\"twitter:label1\" content=\"Est. reading time\" \/>\n\t<meta name=\"twitter:data1\" content=\"3 minutit\" \/>\n<script type=\"application\/ld+json\" class=\"yoast-schema-graph\">{\"@context\":\"https:\\\/\\\/schema.org\",\"@graph\":[{\"@type\":\"WebPage\",\"@id\":\"https:\\\/\\\/finestcentre.eu\\\/et\\\/pilootprojektide-rahastamine\\\/\",\"url\":\"https:\\\/\\\/finestcentre.eu\\\/et\\\/pilootprojektide-rahastamine\\\/\",\"name\":\"Pilootprojektide rahastamine - FinEst Centre\",\"isPartOf\":{\"@id\":\"https:\\\/\\\/finestcentre.eu\\\/et\\\/#website\"},\"primaryImageOfPage\":{\"@id\":\"https:\\\/\\\/finestcentre.eu\\\/et\\\/pilootprojektide-rahastamine\\\/#primaryimage\"},\"image\":{\"@id\":\"https:\\\/\\\/finestcentre.eu\\\/et\\\/pilootprojektide-rahastamine\\\/#primaryimage\"},\"thumbnailUrl\":\"https:\\\/\\\/finestcentre.eu\\\/wp-content\\\/uploads\\\/2023\\\/06\\\/privacy-policy.jpg\",\"datePublished\":\"2024-10-01T12:13:39+00:00\",\"dateModified\":\"2025-11-25T11:17:00+00:00\",\"breadcrumb\":{\"@id\":\"https:\\\/\\\/finestcentre.eu\\\/et\\\/pilootprojektide-rahastamine\\\/#breadcrumb\"},\"inLanguage\":\"et\",\"potentialAction\":[{\"@type\":\"ReadAction\",\"target\":[\"https:\\\/\\\/finestcentre.eu\\\/et\\\/pilootprojektide-rahastamine\\\/\"]}]},{\"@type\":\"ImageObject\",\"inLanguage\":\"et\",\"@id\":\"https:\\\/\\\/finestcentre.eu\\\/et\\\/pilootprojektide-rahastamine\\\/#primaryimage\",\"url\":\"https:\\\/\\\/finestcentre.eu\\\/wp-content\\\/uploads\\\/2023\\\/06\\\/privacy-policy.jpg\",\"contentUrl\":\"https:\\\/\\\/finestcentre.eu\\\/wp-content\\\/uploads\\\/2023\\\/06\\\/privacy-policy.jpg\",\"width\":1440,\"height\":500},{\"@type\":\"BreadcrumbList\",\"@id\":\"https:\\\/\\\/finestcentre.eu\\\/et\\\/pilootprojektide-rahastamine\\\/#breadcrumb\",\"itemListElement\":[{\"@type\":\"ListItem\",\"position\":1,\"name\":\"Home\",\"item\":\"https:\\\/\\\/finestcentre.eu\\\/et\\\/\"},{\"@type\":\"ListItem\",\"position\":2,\"name\":\"Pilootprojektide rahastamine\",\"item\":null}]},{\"@type\":\"WebSite\",\"@id\":\"https:\\\/\\\/finestcentre.eu\\\/et\\\/#website\",\"url\":\"https:\\\/\\\/finestcentre.eu\\\/et\\\/\",\"name\":\"FinEst Centre\",\"description\":\"\",\"publisher\":{\"@id\":\"https:\\\/\\\/finestcentre.eu\\\/et\\\/#organization\"},\"potentialAction\":[{\"@type\":\"SearchAction\",\"target\":{\"@type\":\"EntryPoint\",\"urlTemplate\":\"https:\\\/\\\/finestcentre.eu\\\/et\\\/?s={search_term_string}\"},\"query-input\":{\"@type\":\"PropertyValueSpecification\",\"valueRequired\":true,\"valueName\":\"search_term_string\"}}],\"inLanguage\":\"et\"},{\"@type\":\"Organization\",\"@id\":\"https:\\\/\\\/finestcentre.eu\\\/et\\\/#organization\",\"name\":\"Finest Center\",\"alternateName\":\"FinEst Centre for Smart Cities\",\"url\":\"https:\\\/\\\/finestcentre.eu\\\/et\\\/\",\"logo\":{\"@type\":\"ImageObject\",\"inLanguage\":\"et\",\"@id\":\"https:\\\/\\\/finestcentre.eu\\\/et\\\/#\\\/schema\\\/logo\\\/image\\\/\",\"url\":\"https:\\\/\\\/finestcentre.eu\\\/wp-content\\\/uploads\\\/2023\\\/04\\\/logo.svg\",\"contentUrl\":\"https:\\\/\\\/finestcentre.eu\\\/wp-content\\\/uploads\\\/2023\\\/04\\\/logo.svg\",\"caption\":\"Finest Center\"},\"image\":{\"@id\":\"https:\\\/\\\/finestcentre.eu\\\/et\\\/#\\\/schema\\\/logo\\\/image\\\/\"},\"sameAs\":[\"https:\\\/\\\/www.facebook.com\\\/FinEstCentre\",\"https:\\\/\\\/x.com\\\/FinEstSmartCity\",\"https:\\\/\\\/www.linkedin.com\\\/company\\\/finest-centre-for-smart-cities\\\/\",\"https:\\\/\\\/www.youtube.com\\\/channel\\\/UCIo8AWMG9HwYSepvCFkA6DA\"],\"address\":[{\"@type\":\"PostalAddress\",\"streetAddress\":\"Ehitajate tee 5\",\"addressLocality\":\"Tallinn\",\"postalCode\":\"19086\",\"addressCountry\":\"EE\"}],\"description\":\"FinEst Centre for Smart Cities is an independent organisation under Tallinn University of Technology. FinEst Centre is an international organisation founded by Tallinn University of Technology, Aalto University, Forum Virium Helsinki and the Estonian Ministry of Economic\",\"foundingDate\":\"2019-01-01\",\"numberOfEmployees\":{\"@type\":\"QuantitativeValue\",\"minValue\":\"11\",\"maxValue\":\"50\"}}]}<\/script>\n<!-- \/ Yoast SEO Premium plugin. -->","yoast_head_json":{"title":"Pilootprojektide rahastamine - FinEst Centre","robots":{"index":"index","follow":"follow","max-snippet":"max-snippet:-1","max-image-preview":"max-image-preview:large","max-video-preview":"max-video-preview:-1"},"canonical":"https:\/\/finestcentre.eu\/et\/pilootprojektide-rahastamine\/","og_locale":"et_EE","og_type":"article","og_title":"Pilootprojektide rahastamine","og_description":"Pilootprojektide &#8211; Digitaalne rohemudel, Renoveerimisstrateegia t\u00f6\u00f6riist, Linnaplaneerimise heaolu skoor, Mikrov\u00f5rgud ja energiasalvestus, Tuleviku transpordi \u00f6kos\u00fcsteem, Hoonete energiat\u00f5husese audit \u2013 rahastamine. Pilootprojektide elluviimist rahastas Euroopa Regionaalarengu Fondi ja Eesti Haridus- ja Teadusministeeriumi rahastatav projekt \u201eTarga linna tippkeskuse toetusmeetme rakendamine\u201c. Toetuse andmise eesm\u00e4rk oli aidata kaasa Eesti teaduse rahvusvahelise n\u00e4htavuse ja konkurentsiv\u00f5ime suurendamisele, kasvatades teadus- ja arendusasutuste&hellip; Continue reading Pilootprojektide rahastamine","og_url":"https:\/\/finestcentre.eu\/et\/pilootprojektide-rahastamine\/","og_site_name":"FinEst Centre","article_publisher":"https:\/\/www.facebook.com\/FinEstCentre","article_modified_time":"2025-11-25T11:17:00+00:00","og_image":[{"width":1440,"height":500,"url":"https:\/\/finestcentre.eu\/wp-content\/uploads\/2023\/06\/privacy-policy.jpg","type":"image\/jpeg"}],"twitter_card":"summary_large_image","twitter_site":"@FinEstSmartCity","twitter_misc":{"Est. reading time":"3 minutit"},"schema":{"@context":"https:\/\/schema.org","@graph":[{"@type":"WebPage","@id":"https:\/\/finestcentre.eu\/et\/pilootprojektide-rahastamine\/","url":"https:\/\/finestcentre.eu\/et\/pilootprojektide-rahastamine\/","name":"Pilootprojektide rahastamine - FinEst Centre","isPartOf":{"@id":"https:\/\/finestcentre.eu\/et\/#website"},"primaryImageOfPage":{"@id":"https:\/\/finestcentre.eu\/et\/pilootprojektide-rahastamine\/#primaryimage"},"image":{"@id":"https:\/\/finestcentre.eu\/et\/pilootprojektide-rahastamine\/#primaryimage"},"thumbnailUrl":"https:\/\/finestcentre.eu\/wp-content\/uploads\/2023\/06\/privacy-policy.jpg","datePublished":"2024-10-01T12:13:39+00:00","dateModified":"2025-11-25T11:17:00+00:00","breadcrumb":{"@id":"https:\/\/finestcentre.eu\/et\/pilootprojektide-rahastamine\/#breadcrumb"},"inLanguage":"et","potentialAction":[{"@type":"ReadAction","target":["https:\/\/finestcentre.eu\/et\/pilootprojektide-rahastamine\/"]}]},{"@type":"ImageObject","inLanguage":"et","@id":"https:\/\/finestcentre.eu\/et\/pilootprojektide-rahastamine\/#primaryimage","url":"https:\/\/finestcentre.eu\/wp-content\/uploads\/2023\/06\/privacy-policy.jpg","contentUrl":"https:\/\/finestcentre.eu\/wp-content\/uploads\/2023\/06\/privacy-policy.jpg","width":1440,"height":500},{"@type":"BreadcrumbList","@id":"https:\/\/finestcentre.eu\/et\/pilootprojektide-rahastamine\/#breadcrumb","itemListElement":[{"@type":"ListItem","position":1,"name":"Home","item":"https:\/\/finestcentre.eu\/et\/"},{"@type":"ListItem","position":2,"name":"Pilootprojektide rahastamine","item":null}]},{"@type":"WebSite","@id":"https:\/\/finestcentre.eu\/et\/#website","url":"https:\/\/finestcentre.eu\/et\/","name":"FinEst Centre","description":"","publisher":{"@id":"https:\/\/finestcentre.eu\/et\/#organization"},"potentialAction":[{"@type":"SearchAction","target":{"@type":"EntryPoint","urlTemplate":"https:\/\/finestcentre.eu\/et\/?s={search_term_string}"},"query-input":{"@type":"PropertyValueSpecification","valueRequired":true,"valueName":"search_term_string"}}],"inLanguage":"et"},{"@type":"Organization","@id":"https:\/\/finestcentre.eu\/et\/#organization","name":"Finest Center","alternateName":"FinEst Centre for Smart Cities","url":"https:\/\/finestcentre.eu\/et\/","logo":{"@type":"ImageObject","inLanguage":"et","@id":"https:\/\/finestcentre.eu\/et\/#\/schema\/logo\/image\/","url":"https:\/\/finestcentre.eu\/wp-content\/uploads\/2023\/04\/logo.svg","contentUrl":"https:\/\/finestcentre.eu\/wp-content\/uploads\/2023\/04\/logo.svg","caption":"Finest Center"},"image":{"@id":"https:\/\/finestcentre.eu\/et\/#\/schema\/logo\/image\/"},"sameAs":["https:\/\/www.facebook.com\/FinEstCentre","https:\/\/x.com\/FinEstSmartCity","https:\/\/www.linkedin.com\/company\/finest-centre-for-smart-cities\/","https:\/\/www.youtube.com\/channel\/UCIo8AWMG9HwYSepvCFkA6DA"],"address":[{"@type":"PostalAddress","streetAddress":"Ehitajate tee 5","addressLocality":"Tallinn","postalCode":"19086","addressCountry":"EE"}],"description":"FinEst Centre for Smart Cities is an independent organisation under Tallinn University of Technology. FinEst Centre is an international organisation founded by Tallinn University of Technology, Aalto University, Forum Virium Helsinki and the Estonian Ministry of Economic","foundingDate":"2019-01-01","numberOfEmployees":{"@type":"QuantitativeValue","minValue":"11","maxValue":"50"}}]}},"_links":{"self":[{"href":"https:\/\/finestcentre.eu\/et\/wp-json\/wp\/v2\/pages\/5843","targetHints":{"allow":["GET"]}}],"collection":[{"href":"https:\/\/finestcentre.eu\/et\/wp-json\/wp\/v2\/pages"}],"about":[{"href":"https:\/\/finestcentre.eu\/et\/wp-json\/wp\/v2\/types\/page"}],"author":[{"embeddable":true,"href":"https:\/\/finestcentre.eu\/et\/wp-json\/wp\/v2\/users\/4"}],"replies":[{"embeddable":true,"href":"https:\/\/finestcentre.eu\/et\/wp-json\/wp\/v2\/comments?post=5843"}],"version-history":[{"count":5,"href":"https:\/\/finestcentre.eu\/et\/wp-json\/wp\/v2\/pages\/5843\/revisions"}],"predecessor-version":[{"id":7603,"href":"https:\/\/finestcentre.eu\/et\/wp-json\/wp\/v2\/pages\/5843\/revisions\/7603"}],"wp:featuredmedia":[{"embeddable":true,"href":"https:\/\/finestcentre.eu\/et\/wp-json\/wp\/v2\/media\/1314"}],"wp:attachment":[{"href":"https:\/\/finestcentre.eu\/et\/wp-json\/wp\/v2\/media?parent=5843"}],"curies":[{"name":"wp","href":"https:\/\/api.w.org\/{rel}","templated":true}]}}