{"id":6662,"date":"2025-04-10T17:38:59","date_gmt":"2025-04-10T14:38:59","guid":{"rendered":"https:\/\/finestcentre.eu\/?page_id=6662"},"modified":"2026-03-23T17:20:39","modified_gmt":"2026-03-23T15:20:39","slug":"targa-linna-ideekonkurss-2025","status":"publish","type":"page","link":"https:\/\/finestcentre.eu\/et\/innovatsioon-linnadega\/targa-linna-ideekonkurss-2025\/","title":{"rendered":"Targa linna ideekonkurss 2025"},"content":{"rendered":"","protected":false},"excerpt":{"rendered":"","protected":false},"author":5,"featured_media":6705,"parent":1941,"menu_order":0,"comment_status":"closed","ping_status":"closed","template":"templates\/tpl_scc.php","meta":{"footnotes":""},"class_list":["post-6662","page","type-page","status-publish","has-post-thumbnail","hentry","entry"],"acf":[],"yoast_head":"<!-- This site is optimized with the Yoast SEO Premium plugin v27.2 (Yoast SEO v27.3) - https:\/\/yoast.com\/product\/yoast-seo-premium-wordpress\/ -->\n<title>Targa linna ideekonkurss 2025 - lahendame koos linnalisi probleeme FinEst Centre<\/title>\n<meta name=\"description\" content=\"Linnad, teadlased ja ettev\u00f5tjad on oodatud osalema targa linna ideekonkursil, et luua turvalisemaid, vastupidavamaid ja \u00f5nnelikumaid linnu.\" \/>\n<meta name=\"robots\" content=\"index, follow, max-snippet:-1, max-image-preview:large, max-video-preview:-1\" \/>\n<link rel=\"canonical\" href=\"https:\/\/finestcentre.eu\/et\/innovatsioon-linnadega\/targa-linna-ideekonkurss-2025\/\" \/>\n<meta property=\"og:locale\" content=\"et_EE\" \/>\n<meta property=\"og:type\" content=\"article\" \/>\n<meta property=\"og:title\" content=\"Targa linna ideekonkurss 2025: Loome koos \u00f5nnelikumaid, turvalisemaid ja vastupidavamaid linnu!\" \/>\n<meta property=\"og:description\" content=\"Linnad, teadlased ja ettev\u00f5tjad on oodatud osalema targa linna ideekonkursil, et luua turvalisemaid, vastupidavamaid ja \u00f5nnelikumaid linnu.\" \/>\n<meta property=\"og:url\" content=\"https:\/\/finestcentre.eu\/et\/innovatsioon-linnadega\/targa-linna-ideekonkurss-2025\/\" \/>\n<meta property=\"og:site_name\" content=\"FinEst Centre\" \/>\n<meta property=\"article:publisher\" content=\"https:\/\/www.facebook.com\/FinEstCentre\" \/>\n<meta property=\"article:modified_time\" content=\"2026-03-23T15:20:39+00:00\" \/>\n<meta property=\"og:image\" content=\"https:\/\/finestcentre.eu\/wp-content\/uploads\/2025\/04\/stelios-xenakis-6AslchG7r8-unsplash.jpg\" \/>\n\t<meta property=\"og:image:width\" content=\"4928\" \/>\n\t<meta property=\"og:image:height\" content=\"3264\" \/>\n\t<meta property=\"og:image:type\" content=\"image\/jpeg\" \/>\n<meta name=\"twitter:card\" content=\"summary_large_image\" \/>\n<meta name=\"twitter:title\" content=\"Targa linna ideekonkurss 2025\" \/>\n<meta name=\"twitter:site\" content=\"@FinEstSmartCity\" \/>\n<meta name=\"twitter:label1\" content=\"Est. reading time\" \/>\n\t<meta name=\"twitter:data1\" content=\"20 minutit\" \/>\n<script type=\"application\/ld+json\" class=\"yoast-schema-graph\">{\"@context\":\"https:\\\/\\\/schema.org\",\"@graph\":[{\"@type\":\"WebPage\",\"@id\":\"https:\\\/\\\/finestcentre.eu\\\/et\\\/innovatsioon-linnadega\\\/targa-linna-ideekonkurss-2025\\\/\",\"url\":\"https:\\\/\\\/finestcentre.eu\\\/et\\\/innovatsioon-linnadega\\\/targa-linna-ideekonkurss-2025\\\/\",\"name\":\"Targa linna ideekonkurss 2025 - lahendame koos linnalisi probleeme FinEst Centre\",\"isPartOf\":{\"@id\":\"https:\\\/\\\/finestcentre.eu\\\/et\\\/#website\"},\"primaryImageOfPage\":{\"@id\":\"https:\\\/\\\/finestcentre.eu\\\/et\\\/innovatsioon-linnadega\\\/targa-linna-ideekonkurss-2025\\\/#primaryimage\"},\"image\":{\"@id\":\"https:\\\/\\\/finestcentre.eu\\\/et\\\/innovatsioon-linnadega\\\/targa-linna-ideekonkurss-2025\\\/#primaryimage\"},\"thumbnailUrl\":\"https:\\\/\\\/finestcentre.eu\\\/wp-content\\\/uploads\\\/2025\\\/04\\\/stelios-xenakis-6AslchG7r8-unsplash.jpg\",\"datePublished\":\"2025-04-10T14:38:59+00:00\",\"dateModified\":\"2026-03-23T15:20:39+00:00\",\"description\":\"Linnad, teadlased ja ettev\u00f5tjad on oodatud osalema targa linna ideekonkursil, et luua turvalisemaid, vastupidavamaid ja \u00f5nnelikumaid linnu.\",\"breadcrumb\":{\"@id\":\"https:\\\/\\\/finestcentre.eu\\\/et\\\/innovatsioon-linnadega\\\/targa-linna-ideekonkurss-2025\\\/#breadcrumb\"},\"inLanguage\":\"et\",\"potentialAction\":[{\"@type\":\"ReadAction\",\"target\":[\"https:\\\/\\\/finestcentre.eu\\\/et\\\/innovatsioon-linnadega\\\/targa-linna-ideekonkurss-2025\\\/\"]}]},{\"@type\":\"ImageObject\",\"inLanguage\":\"et\",\"@id\":\"https:\\\/\\\/finestcentre.eu\\\/et\\\/innovatsioon-linnadega\\\/targa-linna-ideekonkurss-2025\\\/#primaryimage\",\"url\":\"https:\\\/\\\/finestcentre.eu\\\/wp-content\\\/uploads\\\/2025\\\/04\\\/stelios-xenakis-6AslchG7r8-unsplash.jpg\",\"contentUrl\":\"https:\\\/\\\/finestcentre.eu\\\/wp-content\\\/uploads\\\/2025\\\/04\\\/stelios-xenakis-6AslchG7r8-unsplash.jpg\",\"width\":4928,\"height\":3264,\"caption\":\"Smart City Challenge 5th round, 2025\"},{\"@type\":\"BreadcrumbList\",\"@id\":\"https:\\\/\\\/finestcentre.eu\\\/et\\\/innovatsioon-linnadega\\\/targa-linna-ideekonkurss-2025\\\/#breadcrumb\",\"itemListElement\":[{\"@type\":\"ListItem\",\"position\":1,\"name\":\"Home\",\"item\":\"https:\\\/\\\/finestcentre.eu\\\/et\\\/\"},{\"@type\":\"ListItem\",\"position\":2,\"name\":\"Targa linna ideekonkurss 2025\",\"item\":null}]},{\"@type\":\"WebSite\",\"@id\":\"https:\\\/\\\/finestcentre.eu\\\/et\\\/#website\",\"url\":\"https:\\\/\\\/finestcentre.eu\\\/et\\\/\",\"name\":\"FinEst Centre\",\"description\":\"\",\"publisher\":{\"@id\":\"https:\\\/\\\/finestcentre.eu\\\/et\\\/#organization\"},\"potentialAction\":[{\"@type\":\"SearchAction\",\"target\":{\"@type\":\"EntryPoint\",\"urlTemplate\":\"https:\\\/\\\/finestcentre.eu\\\/et\\\/?s={search_term_string}\"},\"query-input\":{\"@type\":\"PropertyValueSpecification\",\"valueRequired\":true,\"valueName\":\"search_term_string\"}}],\"inLanguage\":\"et\"},{\"@type\":\"Organization\",\"@id\":\"https:\\\/\\\/finestcentre.eu\\\/et\\\/#organization\",\"name\":\"Finest Center\",\"alternateName\":\"FinEst Centre for Smart Cities\",\"url\":\"https:\\\/\\\/finestcentre.eu\\\/et\\\/\",\"logo\":{\"@type\":\"ImageObject\",\"inLanguage\":\"et\",\"@id\":\"https:\\\/\\\/finestcentre.eu\\\/et\\\/#\\\/schema\\\/logo\\\/image\\\/\",\"url\":\"https:\\\/\\\/finestcentre.eu\\\/wp-content\\\/uploads\\\/2023\\\/04\\\/logo.svg\",\"contentUrl\":\"https:\\\/\\\/finestcentre.eu\\\/wp-content\\\/uploads\\\/2023\\\/04\\\/logo.svg\",\"caption\":\"Finest Center\"},\"image\":{\"@id\":\"https:\\\/\\\/finestcentre.eu\\\/et\\\/#\\\/schema\\\/logo\\\/image\\\/\"},\"sameAs\":[\"https:\\\/\\\/www.facebook.com\\\/FinEstCentre\",\"https:\\\/\\\/x.com\\\/FinEstSmartCity\",\"https:\\\/\\\/www.linkedin.com\\\/company\\\/finest-centre-for-smart-cities\\\/\",\"https:\\\/\\\/www.youtube.com\\\/channel\\\/UCIo8AWMG9HwYSepvCFkA6DA\"],\"address\":[{\"@type\":\"PostalAddress\",\"streetAddress\":\"Ehitajate tee 5\",\"addressLocality\":\"Tallinn\",\"postalCode\":\"19086\",\"addressCountry\":\"EE\"}],\"description\":\"FinEst Centre for Smart Cities is an independent organisation under Tallinn University of Technology. FinEst Centre is an international organisation founded by Tallinn University of Technology, Aalto University, Forum Virium Helsinki and the Estonian Ministry of Economic\",\"foundingDate\":\"2019-01-01\",\"numberOfEmployees\":{\"@type\":\"QuantitativeValue\",\"minValue\":\"11\",\"maxValue\":\"50\"}}]}<\/script>\n<!-- \/ Yoast SEO Premium plugin. -->","yoast_head_json":{"title":"Targa linna ideekonkurss 2025 - lahendame koos linnalisi probleeme FinEst Centre","description":"Linnad, teadlased ja ettev\u00f5tjad on oodatud osalema targa linna ideekonkursil, et luua turvalisemaid, vastupidavamaid ja \u00f5nnelikumaid linnu.","robots":{"index":"index","follow":"follow","max-snippet":"max-snippet:-1","max-image-preview":"max-image-preview:large","max-video-preview":"max-video-preview:-1"},"canonical":"https:\/\/finestcentre.eu\/et\/innovatsioon-linnadega\/targa-linna-ideekonkurss-2025\/","og_locale":"et_EE","og_type":"article","og_title":"Targa linna ideekonkurss 2025: Loome koos \u00f5nnelikumaid, turvalisemaid ja vastupidavamaid linnu!","og_description":"Linnad, teadlased ja ettev\u00f5tjad on oodatud osalema targa linna ideekonkursil, et luua turvalisemaid, vastupidavamaid ja \u00f5nnelikumaid linnu.","og_url":"https:\/\/finestcentre.eu\/et\/innovatsioon-linnadega\/targa-linna-ideekonkurss-2025\/","og_site_name":"FinEst Centre","article_publisher":"https:\/\/www.facebook.com\/FinEstCentre","article_modified_time":"2026-03-23T15:20:39+00:00","og_image":[{"width":4928,"height":3264,"url":"https:\/\/finestcentre.eu\/wp-content\/uploads\/2025\/04\/stelios-xenakis-6AslchG7r8-unsplash.jpg","type":"image\/jpeg"}],"twitter_card":"summary_large_image","twitter_title":"Targa linna ideekonkurss 2025","twitter_site":"@FinEstSmartCity","twitter_misc":{"Est. reading time":"20 minutit"},"schema":{"@context":"https:\/\/schema.org","@graph":[{"@type":"WebPage","@id":"https:\/\/finestcentre.eu\/et\/innovatsioon-linnadega\/targa-linna-ideekonkurss-2025\/","url":"https:\/\/finestcentre.eu\/et\/innovatsioon-linnadega\/targa-linna-ideekonkurss-2025\/","name":"Targa linna ideekonkurss 2025 - lahendame koos linnalisi probleeme FinEst Centre","isPartOf":{"@id":"https:\/\/finestcentre.eu\/et\/#website"},"primaryImageOfPage":{"@id":"https:\/\/finestcentre.eu\/et\/innovatsioon-linnadega\/targa-linna-ideekonkurss-2025\/#primaryimage"},"image":{"@id":"https:\/\/finestcentre.eu\/et\/innovatsioon-linnadega\/targa-linna-ideekonkurss-2025\/#primaryimage"},"thumbnailUrl":"https:\/\/finestcentre.eu\/wp-content\/uploads\/2025\/04\/stelios-xenakis-6AslchG7r8-unsplash.jpg","datePublished":"2025-04-10T14:38:59+00:00","dateModified":"2026-03-23T15:20:39+00:00","description":"Linnad, teadlased ja ettev\u00f5tjad on oodatud osalema targa linna ideekonkursil, et luua turvalisemaid, vastupidavamaid ja \u00f5nnelikumaid linnu.","breadcrumb":{"@id":"https:\/\/finestcentre.eu\/et\/innovatsioon-linnadega\/targa-linna-ideekonkurss-2025\/#breadcrumb"},"inLanguage":"et","potentialAction":[{"@type":"ReadAction","target":["https:\/\/finestcentre.eu\/et\/innovatsioon-linnadega\/targa-linna-ideekonkurss-2025\/"]}]},{"@type":"ImageObject","inLanguage":"et","@id":"https:\/\/finestcentre.eu\/et\/innovatsioon-linnadega\/targa-linna-ideekonkurss-2025\/#primaryimage","url":"https:\/\/finestcentre.eu\/wp-content\/uploads\/2025\/04\/stelios-xenakis-6AslchG7r8-unsplash.jpg","contentUrl":"https:\/\/finestcentre.eu\/wp-content\/uploads\/2025\/04\/stelios-xenakis-6AslchG7r8-unsplash.jpg","width":4928,"height":3264,"caption":"Smart City Challenge 5th round, 2025"},{"@type":"BreadcrumbList","@id":"https:\/\/finestcentre.eu\/et\/innovatsioon-linnadega\/targa-linna-ideekonkurss-2025\/#breadcrumb","itemListElement":[{"@type":"ListItem","position":1,"name":"Home","item":"https:\/\/finestcentre.eu\/et\/"},{"@type":"ListItem","position":2,"name":"Targa linna ideekonkurss 2025","item":null}]},{"@type":"WebSite","@id":"https:\/\/finestcentre.eu\/et\/#website","url":"https:\/\/finestcentre.eu\/et\/","name":"FinEst Centre","description":"","publisher":{"@id":"https:\/\/finestcentre.eu\/et\/#organization"},"potentialAction":[{"@type":"SearchAction","target":{"@type":"EntryPoint","urlTemplate":"https:\/\/finestcentre.eu\/et\/?s={search_term_string}"},"query-input":{"@type":"PropertyValueSpecification","valueRequired":true,"valueName":"search_term_string"}}],"inLanguage":"et"},{"@type":"Organization","@id":"https:\/\/finestcentre.eu\/et\/#organization","name":"Finest Center","alternateName":"FinEst Centre for Smart Cities","url":"https:\/\/finestcentre.eu\/et\/","logo":{"@type":"ImageObject","inLanguage":"et","@id":"https:\/\/finestcentre.eu\/et\/#\/schema\/logo\/image\/","url":"https:\/\/finestcentre.eu\/wp-content\/uploads\/2023\/04\/logo.svg","contentUrl":"https:\/\/finestcentre.eu\/wp-content\/uploads\/2023\/04\/logo.svg","caption":"Finest Center"},"image":{"@id":"https:\/\/finestcentre.eu\/et\/#\/schema\/logo\/image\/"},"sameAs":["https:\/\/www.facebook.com\/FinEstCentre","https:\/\/x.com\/FinEstSmartCity","https:\/\/www.linkedin.com\/company\/finest-centre-for-smart-cities\/","https:\/\/www.youtube.com\/channel\/UCIo8AWMG9HwYSepvCFkA6DA"],"address":[{"@type":"PostalAddress","streetAddress":"Ehitajate tee 5","addressLocality":"Tallinn","postalCode":"19086","addressCountry":"EE"}],"description":"FinEst Centre for Smart Cities is an independent organisation under Tallinn University of Technology. FinEst Centre is an international organisation founded by Tallinn University of Technology, Aalto University, Forum Virium Helsinki and the Estonian Ministry of Economic","foundingDate":"2019-01-01","numberOfEmployees":{"@type":"QuantitativeValue","minValue":"11","maxValue":"50"}}]}},"_links":{"self":[{"href":"https:\/\/finestcentre.eu\/et\/wp-json\/wp\/v2\/pages\/6662","targetHints":{"allow":["GET"]}}],"collection":[{"href":"https:\/\/finestcentre.eu\/et\/wp-json\/wp\/v2\/pages"}],"about":[{"href":"https:\/\/finestcentre.eu\/et\/wp-json\/wp\/v2\/types\/page"}],"author":[{"embeddable":true,"href":"https:\/\/finestcentre.eu\/et\/wp-json\/wp\/v2\/users\/5"}],"replies":[{"embeddable":true,"href":"https:\/\/finestcentre.eu\/et\/wp-json\/wp\/v2\/comments?post=6662"}],"version-history":[{"count":59,"href":"https:\/\/finestcentre.eu\/et\/wp-json\/wp\/v2\/pages\/6662\/revisions"}],"predecessor-version":[{"id":8023,"href":"https:\/\/finestcentre.eu\/et\/wp-json\/wp\/v2\/pages\/6662\/revisions\/8023"}],"up":[{"embeddable":true,"href":"https:\/\/finestcentre.eu\/et\/wp-json\/wp\/v2\/pages\/1941"}],"wp:featuredmedia":[{"embeddable":true,"href":"https:\/\/finestcentre.eu\/et\/wp-json\/wp\/v2\/media\/6705"}],"wp:attachment":[{"href":"https:\/\/finestcentre.eu\/et\/wp-json\/wp\/v2\/media?parent=6662"}],"curies":[{"name":"wp","href":"https:\/\/api.w.org\/{rel}","templated":true}]}}