{"id":7828,"date":"2026-01-28T16:18:40","date_gmt":"2026-01-28T14:18:40","guid":{"rendered":"https:\/\/finestcentre.eu\/?page_id=7828"},"modified":"2026-02-05T21:07:47","modified_gmt":"2026-02-05T19:07:47","slug":"nutikamad-parkimisstrateegiad-ja-lahendused-linnadele","status":"publish","type":"page","link":"https:\/\/finestcentre.eu\/et\/targad-teenused-linnadele\/konsultatsioonid-ja-teenused\/nutikamad-parkimisstrateegiad-ja-lahendused-linnadele\/","title":{"rendered":"Nutikamad parkimisstrateegiad ja -lahendused linnadele"},"content":{"rendered":"<p>Aitame linnu t\u00f5husate parkimisstrateegiate ja -lahenduste kavandamisel ning elluviimisel.<\/p>\n","protected":false},"excerpt":{"rendered":"<p>Aitame linnu t\u00f5husate parkimisstrateegiate ja -lahenduste kavandamisel ning elluviimisel.<\/p>\n","protected":false},"author":5,"featured_media":7896,"parent":2058,"menu_order":0,"comment_status":"closed","ping_status":"closed","template":"templates\/tpl_consultancy.php","meta":{"footnotes":""},"class_list":["post-7828","page","type-page","status-publish","has-post-thumbnail","hentry","entry"],"acf":[],"yoast_head":"<!-- This site is optimized with the Yoast SEO Premium plugin v27.2 (Yoast SEO v27.3) - https:\/\/yoast.com\/product\/yoast-seo-premium-wordpress\/ -->\n<title>Nutikamad parkimisstrateegiad ja -lahendused linnadele - turvalisem liikuvus - FinEst Centre<\/title>\n<meta name=\"description\" content=\"Aitame linnadel ellu viia t\u00f5husaid parkimisstrateegiaid. N\u00f5ustame, pakume andmep\u00f5hist anal\u00fc\u00fcsi ja lahendusi.\" \/>\n<meta name=\"robots\" content=\"index, follow, max-snippet:-1, max-image-preview:large, max-video-preview:-1\" \/>\n<link rel=\"canonical\" href=\"https:\/\/finestcentre.eu\/et\/targad-teenused-linnadele\/konsultatsioonid-ja-teenused\/nutikamad-parkimisstrateegiad-ja-lahendused-linnadele\/\" \/>\n<meta property=\"og:locale\" content=\"et_EE\" \/>\n<meta property=\"og:type\" content=\"article\" \/>\n<meta property=\"og:title\" content=\"Nutikamad parkimisstrateegiad ja -lahendused linnadele\" \/>\n<meta property=\"og:description\" content=\"Aitame linnadel ellu viia t\u00f5husaid parkimisstrateegiaid. N\u00f5ustame, pakume andmep\u00f5hist anal\u00fc\u00fcsi ja lahendusi.\" \/>\n<meta property=\"og:url\" content=\"https:\/\/finestcentre.eu\/et\/targad-teenused-linnadele\/konsultatsioonid-ja-teenused\/nutikamad-parkimisstrateegiad-ja-lahendused-linnadele\/\" \/>\n<meta property=\"og:site_name\" content=\"FinEst Centre\" \/>\n<meta property=\"article:publisher\" content=\"https:\/\/www.facebook.com\/FinEstCentre\" \/>\n<meta property=\"article:modified_time\" content=\"2026-02-05T19:07:47+00:00\" \/>\n<meta property=\"og:image\" content=\"https:\/\/finestcentre.eu\/wp-content\/uploads\/2026\/02\/stanislaw-gregor-6QIefFMpHEY-unsplash.jpg\" \/>\n\t<meta property=\"og:image:width\" content=\"4032\" \/>\n\t<meta property=\"og:image:height\" content=\"3024\" \/>\n\t<meta property=\"og:image:type\" content=\"image\/jpeg\" \/>\n<meta name=\"twitter:card\" content=\"summary_large_image\" \/>\n<meta name=\"twitter:site\" content=\"@FinEstSmartCity\" \/>\n<meta name=\"twitter:label1\" content=\"Est. reading time\" \/>\n\t<meta name=\"twitter:data1\" content=\"2 minutit\" \/>\n<script type=\"application\/ld+json\" class=\"yoast-schema-graph\">{\"@context\":\"https:\\\/\\\/schema.org\",\"@graph\":[{\"@type\":\"WebPage\",\"@id\":\"https:\\\/\\\/finestcentre.eu\\\/et\\\/targad-teenused-linnadele\\\/konsultatsioonid-ja-teenused\\\/nutikamad-parkimisstrateegiad-ja-lahendused-linnadele\\\/\",\"url\":\"https:\\\/\\\/finestcentre.eu\\\/et\\\/targad-teenused-linnadele\\\/konsultatsioonid-ja-teenused\\\/nutikamad-parkimisstrateegiad-ja-lahendused-linnadele\\\/\",\"name\":\"Nutikamad parkimisstrateegiad ja -lahendused linnadele - turvalisem liikuvus - FinEst Centre\",\"isPartOf\":{\"@id\":\"https:\\\/\\\/finestcentre.eu\\\/et\\\/#website\"},\"primaryImageOfPage\":{\"@id\":\"https:\\\/\\\/finestcentre.eu\\\/et\\\/targad-teenused-linnadele\\\/konsultatsioonid-ja-teenused\\\/nutikamad-parkimisstrateegiad-ja-lahendused-linnadele\\\/#primaryimage\"},\"image\":{\"@id\":\"https:\\\/\\\/finestcentre.eu\\\/et\\\/targad-teenused-linnadele\\\/konsultatsioonid-ja-teenused\\\/nutikamad-parkimisstrateegiad-ja-lahendused-linnadele\\\/#primaryimage\"},\"thumbnailUrl\":\"https:\\\/\\\/finestcentre.eu\\\/wp-content\\\/uploads\\\/2026\\\/02\\\/stanislaw-gregor-6QIefFMpHEY-unsplash.jpg\",\"datePublished\":\"2026-01-28T14:18:40+00:00\",\"dateModified\":\"2026-02-05T19:07:47+00:00\",\"description\":\"Aitame linnadel ellu viia t\u00f5husaid parkimisstrateegiaid. N\u00f5ustame, pakume andmep\u00f5hist anal\u00fc\u00fcsi ja lahendusi.\",\"breadcrumb\":{\"@id\":\"https:\\\/\\\/finestcentre.eu\\\/et\\\/targad-teenused-linnadele\\\/konsultatsioonid-ja-teenused\\\/nutikamad-parkimisstrateegiad-ja-lahendused-linnadele\\\/#breadcrumb\"},\"inLanguage\":\"et\",\"potentialAction\":[{\"@type\":\"ReadAction\",\"target\":[\"https:\\\/\\\/finestcentre.eu\\\/et\\\/targad-teenused-linnadele\\\/konsultatsioonid-ja-teenused\\\/nutikamad-parkimisstrateegiad-ja-lahendused-linnadele\\\/\"]}]},{\"@type\":\"ImageObject\",\"inLanguage\":\"et\",\"@id\":\"https:\\\/\\\/finestcentre.eu\\\/et\\\/targad-teenused-linnadele\\\/konsultatsioonid-ja-teenused\\\/nutikamad-parkimisstrateegiad-ja-lahendused-linnadele\\\/#primaryimage\",\"url\":\"https:\\\/\\\/finestcentre.eu\\\/wp-content\\\/uploads\\\/2026\\\/02\\\/stanislaw-gregor-6QIefFMpHEY-unsplash.jpg\",\"contentUrl\":\"https:\\\/\\\/finestcentre.eu\\\/wp-content\\\/uploads\\\/2026\\\/02\\\/stanislaw-gregor-6QIefFMpHEY-unsplash.jpg\",\"width\":4032,\"height\":3024},{\"@type\":\"BreadcrumbList\",\"@id\":\"https:\\\/\\\/finestcentre.eu\\\/et\\\/targad-teenused-linnadele\\\/konsultatsioonid-ja-teenused\\\/nutikamad-parkimisstrateegiad-ja-lahendused-linnadele\\\/#breadcrumb\",\"itemListElement\":[{\"@type\":\"ListItem\",\"position\":1,\"name\":\"Home\",\"item\":\"https:\\\/\\\/finestcentre.eu\\\/et\\\/\"},{\"@type\":\"ListItem\",\"position\":2,\"name\":\"Konsultatsioonid ja teenused\",\"item\":\"https:\\\/\\\/finestcentre.eu\\\/et\\\/targad-teenused-linnadele\\\/konsultatsioonid-ja-teenused\\\/\"},{\"@type\":\"ListItem\",\"position\":3,\"name\":\"Nutikamad parkimisstrateegiad ja -lahendused linnadele\",\"item\":null}]},{\"@type\":\"WebSite\",\"@id\":\"https:\\\/\\\/finestcentre.eu\\\/et\\\/#website\",\"url\":\"https:\\\/\\\/finestcentre.eu\\\/et\\\/\",\"name\":\"FinEst Centre\",\"description\":\"\",\"publisher\":{\"@id\":\"https:\\\/\\\/finestcentre.eu\\\/et\\\/#organization\"},\"potentialAction\":[{\"@type\":\"SearchAction\",\"target\":{\"@type\":\"EntryPoint\",\"urlTemplate\":\"https:\\\/\\\/finestcentre.eu\\\/et\\\/?s={search_term_string}\"},\"query-input\":{\"@type\":\"PropertyValueSpecification\",\"valueRequired\":true,\"valueName\":\"search_term_string\"}}],\"inLanguage\":\"et\"},{\"@type\":\"Organization\",\"@id\":\"https:\\\/\\\/finestcentre.eu\\\/et\\\/#organization\",\"name\":\"Finest Center\",\"alternateName\":\"FinEst Centre for Smart Cities\",\"url\":\"https:\\\/\\\/finestcentre.eu\\\/et\\\/\",\"logo\":{\"@type\":\"ImageObject\",\"inLanguage\":\"et\",\"@id\":\"https:\\\/\\\/finestcentre.eu\\\/et\\\/#\\\/schema\\\/logo\\\/image\\\/\",\"url\":\"https:\\\/\\\/finestcentre.eu\\\/wp-content\\\/uploads\\\/2023\\\/04\\\/logo.svg\",\"contentUrl\":\"https:\\\/\\\/finestcentre.eu\\\/wp-content\\\/uploads\\\/2023\\\/04\\\/logo.svg\",\"caption\":\"Finest Center\"},\"image\":{\"@id\":\"https:\\\/\\\/finestcentre.eu\\\/et\\\/#\\\/schema\\\/logo\\\/image\\\/\"},\"sameAs\":[\"https:\\\/\\\/www.facebook.com\\\/FinEstCentre\",\"https:\\\/\\\/x.com\\\/FinEstSmartCity\",\"https:\\\/\\\/www.linkedin.com\\\/company\\\/finest-centre-for-smart-cities\\\/\",\"https:\\\/\\\/www.youtube.com\\\/channel\\\/UCIo8AWMG9HwYSepvCFkA6DA\"],\"address\":[{\"@type\":\"PostalAddress\",\"streetAddress\":\"Ehitajate tee 5\",\"addressLocality\":\"Tallinn\",\"postalCode\":\"19086\",\"addressCountry\":\"EE\"}],\"description\":\"FinEst Centre for Smart Cities is an independent organisation under Tallinn University of Technology. FinEst Centre is an international organisation founded by Tallinn University of Technology, Aalto University, Forum Virium Helsinki and the Estonian Ministry of Economic\",\"foundingDate\":\"2019-01-01\",\"numberOfEmployees\":{\"@type\":\"QuantitativeValue\",\"minValue\":\"11\",\"maxValue\":\"50\"}}]}<\/script>\n<!-- \/ Yoast SEO Premium plugin. -->","yoast_head_json":{"title":"Nutikamad parkimisstrateegiad ja -lahendused linnadele - turvalisem liikuvus - FinEst Centre","description":"Aitame linnadel ellu viia t\u00f5husaid parkimisstrateegiaid. N\u00f5ustame, pakume andmep\u00f5hist anal\u00fc\u00fcsi ja lahendusi.","robots":{"index":"index","follow":"follow","max-snippet":"max-snippet:-1","max-image-preview":"max-image-preview:large","max-video-preview":"max-video-preview:-1"},"canonical":"https:\/\/finestcentre.eu\/et\/targad-teenused-linnadele\/konsultatsioonid-ja-teenused\/nutikamad-parkimisstrateegiad-ja-lahendused-linnadele\/","og_locale":"et_EE","og_type":"article","og_title":"Nutikamad parkimisstrateegiad ja -lahendused linnadele","og_description":"Aitame linnadel ellu viia t\u00f5husaid parkimisstrateegiaid. N\u00f5ustame, pakume andmep\u00f5hist anal\u00fc\u00fcsi ja lahendusi.","og_url":"https:\/\/finestcentre.eu\/et\/targad-teenused-linnadele\/konsultatsioonid-ja-teenused\/nutikamad-parkimisstrateegiad-ja-lahendused-linnadele\/","og_site_name":"FinEst Centre","article_publisher":"https:\/\/www.facebook.com\/FinEstCentre","article_modified_time":"2026-02-05T19:07:47+00:00","og_image":[{"width":4032,"height":3024,"url":"https:\/\/finestcentre.eu\/wp-content\/uploads\/2026\/02\/stanislaw-gregor-6QIefFMpHEY-unsplash.jpg","type":"image\/jpeg"}],"twitter_card":"summary_large_image","twitter_site":"@FinEstSmartCity","twitter_misc":{"Est. reading time":"2 minutit"},"schema":{"@context":"https:\/\/schema.org","@graph":[{"@type":"WebPage","@id":"https:\/\/finestcentre.eu\/et\/targad-teenused-linnadele\/konsultatsioonid-ja-teenused\/nutikamad-parkimisstrateegiad-ja-lahendused-linnadele\/","url":"https:\/\/finestcentre.eu\/et\/targad-teenused-linnadele\/konsultatsioonid-ja-teenused\/nutikamad-parkimisstrateegiad-ja-lahendused-linnadele\/","name":"Nutikamad parkimisstrateegiad ja -lahendused linnadele - turvalisem liikuvus - FinEst Centre","isPartOf":{"@id":"https:\/\/finestcentre.eu\/et\/#website"},"primaryImageOfPage":{"@id":"https:\/\/finestcentre.eu\/et\/targad-teenused-linnadele\/konsultatsioonid-ja-teenused\/nutikamad-parkimisstrateegiad-ja-lahendused-linnadele\/#primaryimage"},"image":{"@id":"https:\/\/finestcentre.eu\/et\/targad-teenused-linnadele\/konsultatsioonid-ja-teenused\/nutikamad-parkimisstrateegiad-ja-lahendused-linnadele\/#primaryimage"},"thumbnailUrl":"https:\/\/finestcentre.eu\/wp-content\/uploads\/2026\/02\/stanislaw-gregor-6QIefFMpHEY-unsplash.jpg","datePublished":"2026-01-28T14:18:40+00:00","dateModified":"2026-02-05T19:07:47+00:00","description":"Aitame linnadel ellu viia t\u00f5husaid parkimisstrateegiaid. N\u00f5ustame, pakume andmep\u00f5hist anal\u00fc\u00fcsi ja lahendusi.","breadcrumb":{"@id":"https:\/\/finestcentre.eu\/et\/targad-teenused-linnadele\/konsultatsioonid-ja-teenused\/nutikamad-parkimisstrateegiad-ja-lahendused-linnadele\/#breadcrumb"},"inLanguage":"et","potentialAction":[{"@type":"ReadAction","target":["https:\/\/finestcentre.eu\/et\/targad-teenused-linnadele\/konsultatsioonid-ja-teenused\/nutikamad-parkimisstrateegiad-ja-lahendused-linnadele\/"]}]},{"@type":"ImageObject","inLanguage":"et","@id":"https:\/\/finestcentre.eu\/et\/targad-teenused-linnadele\/konsultatsioonid-ja-teenused\/nutikamad-parkimisstrateegiad-ja-lahendused-linnadele\/#primaryimage","url":"https:\/\/finestcentre.eu\/wp-content\/uploads\/2026\/02\/stanislaw-gregor-6QIefFMpHEY-unsplash.jpg","contentUrl":"https:\/\/finestcentre.eu\/wp-content\/uploads\/2026\/02\/stanislaw-gregor-6QIefFMpHEY-unsplash.jpg","width":4032,"height":3024},{"@type":"BreadcrumbList","@id":"https:\/\/finestcentre.eu\/et\/targad-teenused-linnadele\/konsultatsioonid-ja-teenused\/nutikamad-parkimisstrateegiad-ja-lahendused-linnadele\/#breadcrumb","itemListElement":[{"@type":"ListItem","position":1,"name":"Home","item":"https:\/\/finestcentre.eu\/et\/"},{"@type":"ListItem","position":2,"name":"Konsultatsioonid ja teenused","item":"https:\/\/finestcentre.eu\/et\/targad-teenused-linnadele\/konsultatsioonid-ja-teenused\/"},{"@type":"ListItem","position":3,"name":"Nutikamad parkimisstrateegiad ja -lahendused linnadele","item":null}]},{"@type":"WebSite","@id":"https:\/\/finestcentre.eu\/et\/#website","url":"https:\/\/finestcentre.eu\/et\/","name":"FinEst Centre","description":"","publisher":{"@id":"https:\/\/finestcentre.eu\/et\/#organization"},"potentialAction":[{"@type":"SearchAction","target":{"@type":"EntryPoint","urlTemplate":"https:\/\/finestcentre.eu\/et\/?s={search_term_string}"},"query-input":{"@type":"PropertyValueSpecification","valueRequired":true,"valueName":"search_term_string"}}],"inLanguage":"et"},{"@type":"Organization","@id":"https:\/\/finestcentre.eu\/et\/#organization","name":"Finest Center","alternateName":"FinEst Centre for Smart Cities","url":"https:\/\/finestcentre.eu\/et\/","logo":{"@type":"ImageObject","inLanguage":"et","@id":"https:\/\/finestcentre.eu\/et\/#\/schema\/logo\/image\/","url":"https:\/\/finestcentre.eu\/wp-content\/uploads\/2023\/04\/logo.svg","contentUrl":"https:\/\/finestcentre.eu\/wp-content\/uploads\/2023\/04\/logo.svg","caption":"Finest Center"},"image":{"@id":"https:\/\/finestcentre.eu\/et\/#\/schema\/logo\/image\/"},"sameAs":["https:\/\/www.facebook.com\/FinEstCentre","https:\/\/x.com\/FinEstSmartCity","https:\/\/www.linkedin.com\/company\/finest-centre-for-smart-cities\/","https:\/\/www.youtube.com\/channel\/UCIo8AWMG9HwYSepvCFkA6DA"],"address":[{"@type":"PostalAddress","streetAddress":"Ehitajate tee 5","addressLocality":"Tallinn","postalCode":"19086","addressCountry":"EE"}],"description":"FinEst Centre for Smart Cities is an independent organisation under Tallinn University of Technology. FinEst Centre is an international organisation founded by Tallinn University of Technology, Aalto University, Forum Virium Helsinki and the Estonian Ministry of Economic","foundingDate":"2019-01-01","numberOfEmployees":{"@type":"QuantitativeValue","minValue":"11","maxValue":"50"}}]}},"_links":{"self":[{"href":"https:\/\/finestcentre.eu\/et\/wp-json\/wp\/v2\/pages\/7828","targetHints":{"allow":["GET"]}}],"collection":[{"href":"https:\/\/finestcentre.eu\/et\/wp-json\/wp\/v2\/pages"}],"about":[{"href":"https:\/\/finestcentre.eu\/et\/wp-json\/wp\/v2\/types\/page"}],"author":[{"embeddable":true,"href":"https:\/\/finestcentre.eu\/et\/wp-json\/wp\/v2\/users\/5"}],"replies":[{"embeddable":true,"href":"https:\/\/finestcentre.eu\/et\/wp-json\/wp\/v2\/comments?post=7828"}],"version-history":[{"count":5,"href":"https:\/\/finestcentre.eu\/et\/wp-json\/wp\/v2\/pages\/7828\/revisions"}],"predecessor-version":[{"id":7918,"href":"https:\/\/finestcentre.eu\/et\/wp-json\/wp\/v2\/pages\/7828\/revisions\/7918"}],"up":[{"embeddable":true,"href":"https:\/\/finestcentre.eu\/et\/wp-json\/wp\/v2\/pages\/2058"}],"wp:featuredmedia":[{"embeddable":true,"href":"https:\/\/finestcentre.eu\/et\/wp-json\/wp\/v2\/media\/7896"}],"wp:attachment":[{"href":"https:\/\/finestcentre.eu\/et\/wp-json\/wp\/v2\/media?parent=7828"}],"curies":[{"name":"wp","href":"https:\/\/api.w.org\/{rel}","templated":true}]}}